{"id":1043,"date":"2017-06-23T20:04:05","date_gmt":"2017-06-23T18:04:05","guid":{"rendered":"https:\/\/www.frauennotruf-kiel.de\/?page_id=1043\/"},"modified":"2017-07-13T13:03:21","modified_gmt":"2017-07-13T11:03:21","slug":"woran-kann-man-k-o-tropfen-bemerken","status":"publish","type":"page","link":"https:\/\/www.frauennotruf-kiel.de\/de_si\/dasistgewalt\/k-o-tropfen\/woran-kann-man-k-o-tropfen-bemerken\/","title":{"rendered":"Woran kann man K.O.-Tropfen bemerken?"},"content":{"rendered":"<!-- RS_MODULE_CODE_2.4.1 --><div id=\"readspeaker_button1043\" class=\"rs_skip rsbtn rs_preserve\"><a class=\"rsbtn_play\" title=\"Um den Text anzuh&ouml;ren, verwenden Sie bitte ReadSpeaker\" accesskey=\"L\" href=\"\/\/app-eu.readspeaker.com\/cgi-bin\/rsent?customerid=9458&amp;lang=de_de&amp;readid=rspeak_read_1043&amp;url=https%3A%2F%2Fwww.frauennotruf-kiel.de%2Fde_si%2Fwp-json%2Fwp%2Fv2%2Fpages%2F1043\">\r\n        <span class=\"rsbtn_left rsimg rspart\"><span class=\"rsbtn_text\"><span>Vorlesen<\/span><\/span><\/span>\r\n        <span class=\"rsbtn_right rsimg rsplay rspart\"><\/span>\r\n        <\/a><\/div><div id=\"rspeak_read_1043\"><h1>Woran kann man K.O.-Tropfen bemerken?<\/h1>\n<hr \/>\n<ul>\n<li><img decoding=\"async\" src=\"https:\/\/www.frauennotruf-kiel.de\/wp-content\/uploads\/2017\/06\/nachdenken-2-cKassing-223x300.png\" alt=\"Eine Frau fasst sich an den Kopf.\" class=\"alignright wp-image-1664\" width=\"111\" height=\"150\" srcset=\"https:\/\/www.frauennotruf-kiel.de\/wp-content\/uploads\/2017\/06\/nachdenken-2-cKassing-223x300.png 223w, https:\/\/www.frauennotruf-kiel.de\/wp-content\/uploads\/2017\/06\/nachdenken-2-cKassing.png 331w\" sizes=\"(max-width: 111px) 100vw, 111px\" \/>Die Frau kann sich pl\u00f6tzlich nicht mehr erinnern.<\/li>\n<li>Die Frau ist sich nicht sicher:<br \/>\nKann die Bewusstlosigkeit vom Alkohol kommen?<\/li>\n<li>Der Frau wird auf einmal schwindlig.<\/li>\n<li>Sie muss sehr stark schwitzen.<\/li>\n<li>Sie f\u00fchlt sich nicht wohl.<\/li>\n<li>Manche Frauen sagen:<br \/>\nEs f\u00fchlt sich an als w\u00e4re ich in Watte gepackt.<\/li>\n<li>Wenn die Frauen wieder aufwachen:<br \/>\nDann geht es Ihnen sehr schlecht.<br \/>\nIhnen ist \u00fcbel und sie m\u00fcssen erbrechen.<\/li>\n<li><img decoding=\"async\" src=\"https:\/\/www.frauennotruf-kiel.de\/wp-content\/uploads\/2017\/06\/Angst-Frau-cKassing-230x300.png\" alt=\"Eine Frau hat Angst.\" class=\"alignright wp-image-1517\" width=\"115\" height=\"150\" srcset=\"https:\/\/www.frauennotruf-kiel.de\/wp-content\/uploads\/2017\/06\/Angst-Frau-cKassing-230x300.png 230w, https:\/\/www.frauennotruf-kiel.de\/wp-content\/uploads\/2017\/06\/Angst-Frau-cKassing.png 346w\" sizes=\"(max-width: 115px) 100vw, 115px\" \/>Sie haben sehr starke Angst.<\/li>\n<li>Auch noch in den n\u00e4chsten Tagen k\u00f6nnen sich die Frauen nicht konzentrieren.<\/li>\n<li>Die Frauen wissen nicht:<br \/>\nWas ist genau passiert?<br \/>\nVor allem, wenn man keine Verletzungen sieht.<\/li>\n<\/ul>\n<\/div>","protected":false},"excerpt":{"rendered":"<!-- RS_MODULE_CODE_2.4.1 --><div id=\"readspeaker_button1043\" class=\"rs_skip rsbtn rs_preserve\"><a class=\"rsbtn_play\" title=\"Um den Text anzuh&ouml;ren, verwenden Sie bitte ReadSpeaker\" accesskey=\"L\" href=\"\/\/app-eu.readspeaker.com\/cgi-bin\/rsent?customerid=9458&amp;lang=de_de&amp;readid=rspeak_read_1043&amp;url=https%3A%2F%2Fwww.frauennotruf-kiel.de%2Fde_si%2Fwp-json%2Fwp%2Fv2%2Fpages%2F1043\">\r\n        <span class=\"rsbtn_left rsimg rspart\"><span class=\"rsbtn_text\"><span>Vorlesen<\/span><\/span><\/span>\r\n        <span class=\"rsbtn_right rsimg rsplay rspart\"><\/span>\r\n        <\/a><\/div><div id=\"rspeak_read_1043\"> Woran kann man K.O.-Tropfen bemerken? Die Frau kann sich pl\u00f6tzlich nicht mehr erinnern. Die Frau ist sich nicht sicher: Kann die Bewusstlosigkeit vom Alkohol kommen? Der Frau wird auf einmal schwindlig. Sie muss sehr stark schwitzen. Sie f\u00fchlt sich nicht wohl. Manche Frauen sagen: Es f\u00fchlt sich an als w\u00e4re ich in Watte gepackt.<\/div>","protected":false},"author":5,"featured_media":0,"parent":1032,"menu_order":0,"comment_status":"closed","ping_status":"closed","template":"","meta":{"_acf_changed":false,"footnotes":""},"class_list":["post post-type-page post-view- post-scope-","status-publish","clear"],"acf":[],"_links":{"self":[{"href":"https:\/\/www.frauennotruf-kiel.de\/de_si\/wp-json\/wp\/v2\/pages\/1043","targetHints":{"allow":["GET"]}}],"collection":[{"href":"https:\/\/www.frauennotruf-kiel.de\/de_si\/wp-json\/wp\/v2\/pages"}],"about":[{"href":"https:\/\/www.frauennotruf-kiel.de\/de_si\/wp-json\/wp\/v2\/types\/page"}],"author":[{"embeddable":true,"href":"https:\/\/www.frauennotruf-kiel.de\/de_si\/wp-json\/wp\/v2\/users\/5"}],"replies":[{"embeddable":true,"href":"https:\/\/www.frauennotruf-kiel.de\/de_si\/wp-json\/wp\/v2\/comments?post=1043"}],"version-history":[{"count":6,"href":"https:\/\/www.frauennotruf-kiel.de\/de_si\/wp-json\/wp\/v2\/pages\/1043\/revisions"}],"predecessor-version":[{"id":1934,"href":"https:\/\/www.frauennotruf-kiel.de\/de_si\/wp-json\/wp\/v2\/pages\/1043\/revisions\/1934"}],"up":[{"embeddable":true,"href":"https:\/\/www.frauennotruf-kiel.de\/de_si\/wp-json\/wp\/v2\/pages\/1032"}],"wp:attachment":[{"href":"https:\/\/www.frauennotruf-kiel.de\/de_si\/wp-json\/wp\/v2\/media?parent=1043"}],"curies":[{"name":"wp","href":"https:\/\/api.w.org\/{rel}","templated":true}]}}