{"id":320,"date":"2017-06-15T13:01:42","date_gmt":"2017-06-15T11:01:42","guid":{"rendered":"https:\/\/www.frauennotruf-kiel.de\/?page_id=320\/"},"modified":"2017-07-13T12:12:56","modified_gmt":"2017-07-13T10:12:56","slug":"dasistgewalt","status":"publish","type":"page","link":"https:\/\/www.frauennotruf-kiel.de\/de_si\/dasistgewalt\/","title":{"rendered":"Das ist Gewalt"},"content":{"rendered":"<!-- RS_MODULE_CODE_2.4.1 --><div id=\"readspeaker_button320\" class=\"rs_skip rsbtn rs_preserve\"><a class=\"rsbtn_play\" title=\"Um den Text anzuh&ouml;ren, verwenden Sie bitte ReadSpeaker\" accesskey=\"L\" href=\"\/\/app-eu.readspeaker.com\/cgi-bin\/rsent?customerid=9458&amp;lang=de_de&amp;readid=rspeak_read_320&amp;url=https%3A%2F%2Fwww.frauennotruf-kiel.de%2Fde_si%2Fwp-json%2Fwp%2Fv2%2Fpages%2F320\">\r\n        <span class=\"rsbtn_left rsimg rspart\"><span class=\"rsbtn_text\"><span>Vorlesen<\/span><\/span><\/span>\r\n        <span class=\"rsbtn_right rsimg rsplay rspart\"><\/span>\r\n        <\/a><\/div><div id=\"rspeak_read_320\"><h1>Das ist Gewalt.<\/h1>\n<hr \/>\n<p><a href=\"https:\/\/www.frauennotruf-kiel.de\/de_si\/dasistgewalt\/vergewaltigung\/\">Vergewaltigung<br \/>\n<\/a><a href=\"https:\/\/www.frauennotruf-kiel.de\/de_si\/dasistgewalt\/sexuelle-gewalt\/\">Sexuelle Gewalt<br \/>\n<\/a><a href=\"https:\/\/www.frauennotruf-kiel.de\/de_si\/dasistgewalt\/verfolgt-werden\/\">Verfolgt werden<br \/>\n<\/a><a href=\"https:\/\/www.frauennotruf-kiel.de\/de_si\/dasistgewalt\/gewalt-zuhause\/\">Gewalt zuhause<br \/>\n<\/a><a href=\"https:\/\/www.frauennotruf-kiel.de\/de_si\/dasistgewalt\/gewalt-gegen-frauen-und-maedchen-mit-behinderungen\/\">Gewalt gegen Frauen und M\u00e4dchen mit Behinderungen<br \/>\n<\/a><a href=\"https:\/\/www.frauennotruf-kiel.de\/de_si\/dasistgewalt\/k-o-tropfen\/\">K.O.-Tropfen<\/a><a href=\"https:\/\/www.frauennotruf-kiel.de\/de_si\/dasistgewalt\/gewalt-gegen-frauen-und-maedchen-mit-behinderungen\/\"><\/a><\/p>\n<hr \/>\n<h2><strong>Frauen und M\u00e4dchen erleben oft Gewalt.<\/strong><img decoding=\"async\" src=\"https:\/\/www.frauennotruf-kiel.de\/wp-content\/uploads\/2017\/06\/Gewalt_gegen_Frau-cKassing-237x300.png\" alt=\"K\u00f6rperliche Gewalt von einem Mann gegen eine Frau.\" class=\"alignright wp-image-1501\" width=\"175\" height=\"221\" srcset=\"https:\/\/www.frauennotruf-kiel.de\/wp-content\/uploads\/2017\/06\/Gewalt_gegen_Frau-cKassing-237x300.png 237w, https:\/\/www.frauennotruf-kiel.de\/wp-content\/uploads\/2017\/06\/Gewalt_gegen_Frau-cKassing.png 354w\" sizes=\"(max-width: 175px) 100vw, 175px\" \/><\/h2>\n<p>Auch Frauen und M\u00e4dchen mit Behinderung erleben oft Gewalt.<br \/>\nGewalt kann ganz unterschiedlich aussehen.<br \/>\nZum Beispiel:<\/p>\n<ul>\n<li>sexuelle Gewalt<\/li>\n<li>k\u00f6rperliche Gewalt<\/li>\n<li>seelische Gewalt<\/li>\n<\/ul>\n<p>Hier erkl\u00e4ren wir:<br \/>\nDas alles ist Gewalt.<br \/>\nDas sind Grenz-Verletzungen<\/p>\n<\/div>","protected":false},"excerpt":{"rendered":"<!-- RS_MODULE_CODE_2.4.1 --><div id=\"readspeaker_button320\" class=\"rs_skip rsbtn rs_preserve\"><a class=\"rsbtn_play\" title=\"Um den Text anzuh&ouml;ren, verwenden Sie bitte ReadSpeaker\" accesskey=\"L\" href=\"\/\/app-eu.readspeaker.com\/cgi-bin\/rsent?customerid=9458&amp;lang=de_de&amp;readid=rspeak_read_320&amp;url=https%3A%2F%2Fwww.frauennotruf-kiel.de%2Fde_si%2Fwp-json%2Fwp%2Fv2%2Fpages%2F320\">\r\n        <span class=\"rsbtn_left rsimg rspart\"><span class=\"rsbtn_text\"><span>Vorlesen<\/span><\/span><\/span>\r\n        <span class=\"rsbtn_right rsimg rsplay rspart\"><\/span>\r\n        <\/a><\/div><div id=\"rspeak_read_320\"> Das ist Gewalt. Vergewaltigung Sexuelle Gewalt Verfolgt werden Gewalt zuhause Gewalt gegen Frauen und M\u00e4dchen mit Behinderungen K.O.-Tropfen Frauen und M\u00e4dchen erleben oft Gewalt. Auch Frauen und M\u00e4dchen mit Behinderung erleben oft Gewalt. Gewalt kann ganz unterschiedlich aussehen. Zum Beispiel: sexuelle Gewalt k\u00f6rperliche Gewalt seelische Gewalt Hier erkl\u00e4ren wir: Das alles ist Gewalt. Das<\/div>","protected":false},"author":5,"featured_media":0,"parent":0,"menu_order":2,"comment_status":"closed","ping_status":"closed","template":"","meta":{"_acf_changed":false,"footnotes":""},"class_list":["post post-type-page post-view- post-scope-","status-publish","clear"],"acf":[],"_links":{"self":[{"href":"https:\/\/www.frauennotruf-kiel.de\/de_si\/wp-json\/wp\/v2\/pages\/320","targetHints":{"allow":["GET"]}}],"collection":[{"href":"https:\/\/www.frauennotruf-kiel.de\/de_si\/wp-json\/wp\/v2\/pages"}],"about":[{"href":"https:\/\/www.frauennotruf-kiel.de\/de_si\/wp-json\/wp\/v2\/types\/page"}],"author":[{"embeddable":true,"href":"https:\/\/www.frauennotruf-kiel.de\/de_si\/wp-json\/wp\/v2\/users\/5"}],"replies":[{"embeddable":true,"href":"https:\/\/www.frauennotruf-kiel.de\/de_si\/wp-json\/wp\/v2\/comments?post=320"}],"version-history":[{"count":32,"href":"https:\/\/www.frauennotruf-kiel.de\/de_si\/wp-json\/wp\/v2\/pages\/320\/revisions"}],"predecessor-version":[{"id":1913,"href":"https:\/\/www.frauennotruf-kiel.de\/de_si\/wp-json\/wp\/v2\/pages\/320\/revisions\/1913"}],"wp:attachment":[{"href":"https:\/\/www.frauennotruf-kiel.de\/de_si\/wp-json\/wp\/v2\/media?parent=320"}],"curies":[{"name":"wp","href":"https:\/\/api.w.org\/{rel}","templated":true}]}}