{"id":455,"date":"2017-06-22T13:10:53","date_gmt":"2017-06-22T11:10:53","guid":{"rendered":"https:\/\/www.frauennotruf-kiel.de\/?page_id=455\/"},"modified":"2017-06-28T22:03:58","modified_gmt":"2017-06-28T20:03:58","slug":"das-kann-ich-tun","status":"publish","type":"page","link":"https:\/\/www.frauennotruf-kiel.de\/de_si\/wenn-ich-gewalt-erlebe\/das-kann-ich-tun\/","title":{"rendered":"Beratung hilft"},"content":{"rendered":"<!-- RS_MODULE_CODE_2.4.1 --><div id=\"readspeaker_button455\" class=\"rs_skip rsbtn rs_preserve\"><a class=\"rsbtn_play\" title=\"Um den Text anzuh&ouml;ren, verwenden Sie bitte ReadSpeaker\" accesskey=\"L\" href=\"\/\/app-eu.readspeaker.com\/cgi-bin\/rsent?customerid=9458&amp;lang=de_de&amp;readid=rspeak_read_455&amp;url=https%3A%2F%2Fwww.frauennotruf-kiel.de%2Fde_si%2Fwp-json%2Fwp%2Fv2%2Fpages%2F455\">\r\n        <span class=\"rsbtn_left rsimg rspart\"><span class=\"rsbtn_text\"><span>Vorlesen<\/span><\/span><\/span>\r\n        <span class=\"rsbtn_right rsimg rsplay rspart\"><\/span>\r\n        <\/a><\/div><div id=\"rspeak_read_455\"><h1>Beratung hilft<\/h1>\n<hr \/>\n<h2>Frauen-Beratungs- und Fachstellen in Kiel und im Kreis Pl\u00f6n<\/h2>\n<h3><img decoding=\"async\" src=\"https:\/\/www.frauennotruf-kiel.de\/wp-content\/uploads\/2017\/06\/Beratung-Frauen-cKassing-300x216.png\" alt=\"\" class=\"alignright wp-image-1654\" width=\"150\" height=\"108\" srcset=\"https:\/\/www.frauennotruf-kiel.de\/wp-content\/uploads\/2017\/06\/Beratung-Frauen-cKassing-300x216.png 300w, https:\/\/www.frauennotruf-kiel.de\/wp-content\/uploads\/2017\/06\/Beratung-Frauen-cKassing.png 449w\" sizes=\"(max-width: 150px) 100vw, 150px\" \/><\/h3>\n<h3>Sie d\u00fcrfen sich Hilfe holen.<\/h3>\n<p>Hilfe bekommen Sie bei der Frauen-Beratungs- und Fachstellen.<\/p>\n<p>Frauen-Beratungs-Stellen helfen Frauen und M\u00e4dchen die Gewalt erleben.<\/p>\n<p>Oder Gewalt erlebt haben.<\/p>\n<p>Frauen-Beratungs-Stellen \u00a0helfen auch Frauen und M\u00e4dchen mit Behinderung<\/p>\n<h3>So k\u00f6nnen wir helfen:<\/h3>\n<p>Sie k\u00f6nnen mit uns sprechen.<img decoding=\"async\" src=\"https:\/\/www.frauennotruf-kiel.de\/wp-content\/uploads\/2017\/06\/Beraterin-cKassing-300x221.png\" alt=\"\" class=\"alignright wp-image-1580\" width=\"150\" height=\"111\" srcset=\"https:\/\/www.frauennotruf-kiel.de\/wp-content\/uploads\/2017\/06\/Beraterin-cKassing-300x221.png 300w, https:\/\/www.frauennotruf-kiel.de\/wp-content\/uploads\/2017\/06\/Beraterin-cKassing.png 449w\" sizes=\"(max-width: 150px) 100vw, 150px\" \/><br \/>\nWenn es Ihnen schlecht geht.<br \/>\nWenn Sie Gewalt erlebt haben.<br \/>\nWenn Sie schlimme Erfahrungen gemacht haben.<\/p>\n<p>Wir h\u00f6ren zu, was passiert ist.<br \/>\nSie k\u00f6nnen alles erz\u00e4hlen<\/p>\n<h3>Wir erz\u00e4hlen nichts weiter.<\/h3>\n<p>Aber Sie m\u00fcssen nicht alles erz\u00e4hlen.<br \/>\nSie erz\u00e4hlen nur das, was Sie erz\u00e4hlen wollen.<br \/>\nWir beraten Sie.<br \/>\nDamit es Ihnen wieder besser geht.<br \/>\nWir haben viel Erfahrung in der Beratung.<\/p>\n<h3>Wir k\u00f6nnen bei vielen Problemen weiterhelfen.<\/h3>\n<p>Wir k\u00f6nnen Tipps geben.<br \/>\nWir suchen gemeinsam nach L\u00f6sungen.<br \/>\nWir informieren Sie \u00fcber Ihre Rechte.<\/p>\n<h3>Die Beratung kostet nichts<img decoding=\"async\" src=\"https:\/\/www.frauennotruf-kiel.de\/wp-content\/uploads\/2017\/06\/Beratung-Begleitung-cKassing-300x162.png\" alt=\"\" class=\"alignright wp-image-1686 size-medium\" width=\"300\" height=\"162\" srcset=\"https:\/\/www.frauennotruf-kiel.de\/wp-content\/uploads\/2017\/06\/Beratung-Begleitung-cKassing-300x162.png 300w, https:\/\/www.frauennotruf-kiel.de\/wp-content\/uploads\/2017\/06\/Beratung-Begleitung-cKassing.png 451w\" sizes=\"(max-width: 300px) 100vw, 300px\" \/><\/h3>\n<p>Sie k\u00f6nnen auch eine andere Person mitbringen.<strong><br \/>\n<\/strong>Eine Person, der sie vertrauen.<br \/>\nWenn Sie das wollen.<\/p>\n<p>Es ist auch nicht leicht dar\u00fcber zu reden, was passiert ist.<br \/>\nViele sch\u00e4men sich, dass sie Gewalt erlebt haben.<\/p>\n<p><img decoding=\"async\" src=\"https:\/\/www.frauennotruf-kiel.de\/wp-content\/uploads\/2017\/06\/Achtung-cKassing-300x222.png\" alt=\"\" class=\"alignright wp-image-1531\" width=\"150\" height=\"111\" srcset=\"https:\/\/www.frauennotruf-kiel.de\/wp-content\/uploads\/2017\/06\/Achtung-cKassing-300x222.png 300w, https:\/\/www.frauennotruf-kiel.de\/wp-content\/uploads\/2017\/06\/Achtung-cKassing.png 449w\" sizes=\"(max-width: 150px) 100vw, 150px\" \/><\/p>\n<div class=\"box\">\n<p><strong>Das ist wichtig:<br \/>\n<\/strong>Sie m\u00fcssen sich nicht sch\u00e4men!<br \/>\nSie haben keine Schuld!<\/p>\n<p>&nbsp;<\/p>\n<\/div>\n<\/div>","protected":false},"excerpt":{"rendered":"<!-- RS_MODULE_CODE_2.4.1 --><div id=\"readspeaker_button455\" class=\"rs_skip rsbtn rs_preserve\"><a class=\"rsbtn_play\" title=\"Um den Text anzuh&ouml;ren, verwenden Sie bitte ReadSpeaker\" accesskey=\"L\" href=\"\/\/app-eu.readspeaker.com\/cgi-bin\/rsent?customerid=9458&amp;lang=de_de&amp;readid=rspeak_read_455&amp;url=https%3A%2F%2Fwww.frauennotruf-kiel.de%2Fde_si%2Fwp-json%2Fwp%2Fv2%2Fpages%2F455\">\r\n        <span class=\"rsbtn_left rsimg rspart\"><span class=\"rsbtn_text\"><span>Vorlesen<\/span><\/span><\/span>\r\n        <span class=\"rsbtn_right rsimg rsplay rspart\"><\/span>\r\n        <\/a><\/div><div id=\"rspeak_read_455\"> Beratung hilft Frauen-Beratungs- und Fachstellen in Kiel und im Kreis Pl\u00f6n Sie d\u00fcrfen sich Hilfe holen. Hilfe bekommen Sie bei der Frauen-Beratungs- und Fachstellen. Frauen-Beratungs-Stellen helfen Frauen und M\u00e4dchen die Gewalt erleben. Oder Gewalt erlebt haben. Frauen-Beratungs-Stellen \u00a0helfen auch Frauen und M\u00e4dchen mit Behinderung So k\u00f6nnen wir helfen: Sie k\u00f6nnen mit uns sprechen. Wenn<\/div>","protected":false},"author":6,"featured_media":0,"parent":502,"menu_order":0,"comment_status":"closed","ping_status":"closed","template":"","meta":{"_acf_changed":false,"footnotes":""},"class_list":["post post-type-page post-view- post-scope-","status-publish","clear"],"acf":[],"_links":{"self":[{"href":"https:\/\/www.frauennotruf-kiel.de\/de_si\/wp-json\/wp\/v2\/pages\/455","targetHints":{"allow":["GET"]}}],"collection":[{"href":"https:\/\/www.frauennotruf-kiel.de\/de_si\/wp-json\/wp\/v2\/pages"}],"about":[{"href":"https:\/\/www.frauennotruf-kiel.de\/de_si\/wp-json\/wp\/v2\/types\/page"}],"author":[{"embeddable":true,"href":"https:\/\/www.frauennotruf-kiel.de\/de_si\/wp-json\/wp\/v2\/users\/6"}],"replies":[{"embeddable":true,"href":"https:\/\/www.frauennotruf-kiel.de\/de_si\/wp-json\/wp\/v2\/comments?post=455"}],"version-history":[{"count":61,"href":"https:\/\/www.frauennotruf-kiel.de\/de_si\/wp-json\/wp\/v2\/pages\/455\/revisions"}],"predecessor-version":[{"id":1690,"href":"https:\/\/www.frauennotruf-kiel.de\/de_si\/wp-json\/wp\/v2\/pages\/455\/revisions\/1690"}],"up":[{"embeddable":true,"href":"https:\/\/www.frauennotruf-kiel.de\/de_si\/wp-json\/wp\/v2\/pages\/502"}],"wp:attachment":[{"href":"https:\/\/www.frauennotruf-kiel.de\/de_si\/wp-json\/wp\/v2\/media?parent=455"}],"curies":[{"name":"wp","href":"https:\/\/api.w.org\/{rel}","templated":true}]}}