{"id":493,"date":"2017-06-22T14:02:44","date_gmt":"2017-06-22T12:02:44","guid":{"rendered":"https:\/\/www.frauennotruf-kiel.de\/?page_id=493\/"},"modified":"2017-06-28T22:07:41","modified_gmt":"2017-06-28T20:07:41","slug":"die-taeter","status":"publish","type":"page","link":"https:\/\/www.frauennotruf-kiel.de\/de_si\/wenn-ich-gewalt-erlebe\/das-kann-ich-tun\/die-taeter\/","title":{"rendered":"Die T\u00e4ter"},"content":{"rendered":"<!-- RS_MODULE_CODE_2.4.1 --><div id=\"readspeaker_button493\" class=\"rs_skip rsbtn rs_preserve\"><a class=\"rsbtn_play\" title=\"Um den Text anzuh&ouml;ren, verwenden Sie bitte ReadSpeaker\" accesskey=\"L\" href=\"\/\/app-eu.readspeaker.com\/cgi-bin\/rsent?customerid=9458&amp;lang=de_de&amp;readid=rspeak_read_493&amp;url=https%3A%2F%2Fwww.frauennotruf-kiel.de%2Fde_si%2Fwp-json%2Fwp%2Fv2%2Fpages%2F493\">\r\n        <span class=\"rsbtn_left rsimg rspart\"><span class=\"rsbtn_text\"><span>Vorlesen<\/span><\/span><\/span>\r\n        <span class=\"rsbtn_right rsimg rsplay rspart\"><\/span>\r\n        <\/a><\/div><div id=\"rspeak_read_493\"><h1>Die T\u00e4ter<\/h1>\n<hr \/>\n<h2><strong>Wer tut so was?<\/strong><\/h2>\n<p>Es sind sehr oft M\u00e4nner, die so etwas tun.<img decoding=\"async\" src=\"https:\/\/www.frauennotruf-kiel.de\/wp-content\/uploads\/2017\/06\/Mann-2-cKassing-100x300.png\" alt=\"\" class=\"wp-image-1534 size-medium alignright\" width=\"100\" height=\"300\" srcset=\"https:\/\/www.frauennotruf-kiel.de\/wp-content\/uploads\/2017\/06\/Mann-2-cKassing-100x300.png 100w, https:\/\/www.frauennotruf-kiel.de\/wp-content\/uploads\/2017\/06\/Mann-2-cKassing.png 150w\" sizes=\"(max-width: 100px) 100vw, 100px\" \/><br \/>\nDiese M\u00e4nner nennt man T\u00e4ter.<br \/>\nAber auch Frauen k\u00f6nnen T\u00e4terinnen sein.<br \/>\nOft ist es jemand, den Sie gut kennen.<\/p>\n<p>Zum Beispiel jemand aus der Familie.<br \/>\nOder ein Freund.<br \/>\nOder ein Kollege von der Arbeit.<br \/>\nEin Mitbewohner.<br \/>\nOder ein Betreuer.<\/p>\n<p>Es kann jemand sein, den sie sehr m\u00f6gen.<br \/>\nEs kann aber auch jemand sein, den sie nicht kennen.<\/p>\n<\/div>","protected":false},"excerpt":{"rendered":"<!-- RS_MODULE_CODE_2.4.1 --><div id=\"readspeaker_button493\" class=\"rs_skip rsbtn rs_preserve\"><a class=\"rsbtn_play\" title=\"Um den Text anzuh&ouml;ren, verwenden Sie bitte ReadSpeaker\" accesskey=\"L\" href=\"\/\/app-eu.readspeaker.com\/cgi-bin\/rsent?customerid=9458&amp;lang=de_de&amp;readid=rspeak_read_493&amp;url=https%3A%2F%2Fwww.frauennotruf-kiel.de%2Fde_si%2Fwp-json%2Fwp%2Fv2%2Fpages%2F493\">\r\n        <span class=\"rsbtn_left rsimg rspart\"><span class=\"rsbtn_text\"><span>Vorlesen<\/span><\/span><\/span>\r\n        <span class=\"rsbtn_right rsimg rsplay rspart\"><\/span>\r\n        <\/a><\/div><div id=\"rspeak_read_493\"> Die T\u00e4ter Wer tut so was? Es sind sehr oft M\u00e4nner, die so etwas tun. Diese M\u00e4nner nennt man T\u00e4ter. Aber auch Frauen k\u00f6nnen T\u00e4terinnen sein. Oft ist es jemand, den Sie gut kennen. Zum Beispiel jemand aus der Familie. Oder ein Freund. Oder ein Kollege von der Arbeit. Ein Mitbewohner. Oder ein Betreuer.<\/div>","protected":false},"author":6,"featured_media":0,"parent":455,"menu_order":2,"comment_status":"closed","ping_status":"closed","template":"","meta":{"_acf_changed":false,"footnotes":""},"class_list":["post post-type-page post-view- post-scope-","status-publish","clear"],"acf":[],"_links":{"self":[{"href":"https:\/\/www.frauennotruf-kiel.de\/de_si\/wp-json\/wp\/v2\/pages\/493","targetHints":{"allow":["GET"]}}],"collection":[{"href":"https:\/\/www.frauennotruf-kiel.de\/de_si\/wp-json\/wp\/v2\/pages"}],"about":[{"href":"https:\/\/www.frauennotruf-kiel.de\/de_si\/wp-json\/wp\/v2\/types\/page"}],"author":[{"embeddable":true,"href":"https:\/\/www.frauennotruf-kiel.de\/de_si\/wp-json\/wp\/v2\/users\/6"}],"replies":[{"embeddable":true,"href":"https:\/\/www.frauennotruf-kiel.de\/de_si\/wp-json\/wp\/v2\/comments?post=493"}],"version-history":[{"count":12,"href":"https:\/\/www.frauennotruf-kiel.de\/de_si\/wp-json\/wp\/v2\/pages\/493\/revisions"}],"predecessor-version":[{"id":1697,"href":"https:\/\/www.frauennotruf-kiel.de\/de_si\/wp-json\/wp\/v2\/pages\/493\/revisions\/1697"}],"up":[{"embeddable":true,"href":"https:\/\/www.frauennotruf-kiel.de\/de_si\/wp-json\/wp\/v2\/pages\/455"}],"wp:attachment":[{"href":"https:\/\/www.frauennotruf-kiel.de\/de_si\/wp-json\/wp\/v2\/media?parent=493"}],"curies":[{"name":"wp","href":"https:\/\/api.w.org\/{rel}","templated":true}]}}