{"id":502,"date":"2017-06-22T14:10:48","date_gmt":"2017-06-22T12:10:48","guid":{"rendered":"https:\/\/www.frauennotruf-kiel.de\/?page_id=502\/"},"modified":"2017-06-28T21:59:52","modified_gmt":"2017-06-28T19:59:52","slug":"wenn-ich-gewalt-erlebe","status":"publish","type":"page","link":"https:\/\/www.frauennotruf-kiel.de\/de_si\/wenn-ich-gewalt-erlebe\/","title":{"rendered":"Wenn ich Gewalt erlebe"},"content":{"rendered":"<!-- RS_MODULE_CODE_2.4.1 --><div id=\"readspeaker_button502\" class=\"rs_skip rsbtn rs_preserve\"><a class=\"rsbtn_play\" title=\"Um den Text anzuh&ouml;ren, verwenden Sie bitte ReadSpeaker\" accesskey=\"L\" href=\"\/\/app-eu.readspeaker.com\/cgi-bin\/rsent?customerid=9458&amp;lang=de_de&amp;readid=rspeak_read_502&amp;url=https%3A%2F%2Fwww.frauennotruf-kiel.de%2Fde_si%2Fwp-json%2Fwp%2Fv2%2Fpages%2F502\">\r\n        <span class=\"rsbtn_left rsimg rspart\"><span class=\"rsbtn_text\"><span>Vorlesen<\/span><\/span><\/span>\r\n        <span class=\"rsbtn_right rsimg rsplay rspart\"><\/span>\r\n        <\/a><\/div><div id=\"rspeak_read_502\"><h1>Wenn ich Gewalt erlebe<\/h1>\n<hr \/>\n<h2><strong>Das kann ich tun<\/strong><\/h2>\n<p>Frauen und M\u00e4dchen erleben oft Gewalt.<br \/>\n<img decoding=\"async\" src=\"https:\/\/www.frauennotruf-kiel.de\/wp-content\/uploads\/2017\/06\/Gewalt_gegen_Frau-cKassing-237x300.png\" alt=\"\" class=\"alignright wp-image-1501\" width=\"119\" height=\"150\" srcset=\"https:\/\/www.frauennotruf-kiel.de\/wp-content\/uploads\/2017\/06\/Gewalt_gegen_Frau-cKassing-237x300.png 237w, https:\/\/www.frauennotruf-kiel.de\/wp-content\/uploads\/2017\/06\/Gewalt_gegen_Frau-cKassing.png 354w\" sizes=\"(max-width: 119px) 100vw, 119px\" \/>Auch Frauen und M\u00e4dchen mit Behinderung erleben oft Gewalt.<br \/>\nGewalt kann ganz unterschiedlich aussehen.<br \/>\nMan kann etwas machen bei Gewalt.<br \/>\nWenn ich selbst Gewalt erlebe.<br \/>\nWenn ich anderen helfen m\u00f6chte.<\/p>\n<h2><strong><img decoding=\"async\" src=\"https:\/\/www.frauennotruf-kiel.de\/wp-content\/uploads\/2017\/06\/Beratung-2-cKassing-300x253.png\" alt=\"\" class=\"alignright wp-image-1650\" width=\"150\" height=\"127\" srcset=\"https:\/\/www.frauennotruf-kiel.de\/wp-content\/uploads\/2017\/06\/Beratung-2-cKassing-300x253.png 300w, https:\/\/www.frauennotruf-kiel.de\/wp-content\/uploads\/2017\/06\/Beratung-2-cKassing.png 450w\" sizes=\"(max-width: 150px) 100vw, 150px\" \/>Hilfe holen<\/strong><\/h2>\n<p><span>Sie d\u00fcrfen sich Hilfe holen. <\/span><br \/>\n<span>Sie k\u00f6nnen sich beraten lassen. <\/span><br \/>\n<span>Am besten in einer Frauen-Beratungs-Stelle.<\/span><br \/>\n<span>Oder in einem Frauen-Not-Ruf.<\/span><\/p>\n<\/div>","protected":false},"excerpt":{"rendered":"<!-- RS_MODULE_CODE_2.4.1 --><div id=\"readspeaker_button502\" class=\"rs_skip rsbtn rs_preserve\"><a class=\"rsbtn_play\" title=\"Um den Text anzuh&ouml;ren, verwenden Sie bitte ReadSpeaker\" accesskey=\"L\" href=\"\/\/app-eu.readspeaker.com\/cgi-bin\/rsent?customerid=9458&amp;lang=de_de&amp;readid=rspeak_read_502&amp;url=https%3A%2F%2Fwww.frauennotruf-kiel.de%2Fde_si%2Fwp-json%2Fwp%2Fv2%2Fpages%2F502\">\r\n        <span class=\"rsbtn_left rsimg rspart\"><span class=\"rsbtn_text\"><span>Vorlesen<\/span><\/span><\/span>\r\n        <span class=\"rsbtn_right rsimg rsplay rspart\"><\/span>\r\n        <\/a><\/div><div id=\"rspeak_read_502\"> Wenn ich Gewalt erlebe Das kann ich tun Frauen und M\u00e4dchen erleben oft Gewalt. Auch Frauen und M\u00e4dchen mit Behinderung erleben oft Gewalt. Gewalt kann ganz unterschiedlich aussehen. Man kann etwas machen bei Gewalt. Wenn ich selbst Gewalt erlebe. Wenn ich anderen helfen m\u00f6chte. Hilfe holen Sie d\u00fcrfen sich Hilfe holen. Sie k\u00f6nnen sich<\/div>","protected":false},"author":6,"featured_media":0,"parent":0,"menu_order":8,"comment_status":"closed","ping_status":"closed","template":"","meta":{"_acf_changed":false,"footnotes":""},"class_list":["post post-type-page post-view- post-scope-","status-publish","clear"],"acf":[],"_links":{"self":[{"href":"https:\/\/www.frauennotruf-kiel.de\/de_si\/wp-json\/wp\/v2\/pages\/502","targetHints":{"allow":["GET"]}}],"collection":[{"href":"https:\/\/www.frauennotruf-kiel.de\/de_si\/wp-json\/wp\/v2\/pages"}],"about":[{"href":"https:\/\/www.frauennotruf-kiel.de\/de_si\/wp-json\/wp\/v2\/types\/page"}],"author":[{"embeddable":true,"href":"https:\/\/www.frauennotruf-kiel.de\/de_si\/wp-json\/wp\/v2\/users\/6"}],"replies":[{"embeddable":true,"href":"https:\/\/www.frauennotruf-kiel.de\/de_si\/wp-json\/wp\/v2\/comments?post=502"}],"version-history":[{"count":11,"href":"https:\/\/www.frauennotruf-kiel.de\/de_si\/wp-json\/wp\/v2\/pages\/502\/revisions"}],"predecessor-version":[{"id":1684,"href":"https:\/\/www.frauennotruf-kiel.de\/de_si\/wp-json\/wp\/v2\/pages\/502\/revisions\/1684"}],"wp:attachment":[{"href":"https:\/\/www.frauennotruf-kiel.de\/de_si\/wp-json\/wp\/v2\/media?parent=502"}],"curies":[{"name":"wp","href":"https:\/\/api.w.org\/{rel}","templated":true}]}}