{"id":711,"date":"2017-06-23T08:35:47","date_gmt":"2017-06-23T06:35:47","guid":{"rendered":"https:\/\/www.frauennotruf-kiel.de\/?page_id=711\/"},"modified":"2017-07-13T12:24:10","modified_gmt":"2017-07-13T10:24:10","slug":"vor-urteile-und-luegen-ueber-vergewaltigung","status":"publish","type":"page","link":"https:\/\/www.frauennotruf-kiel.de\/de_si\/dasistgewalt\/vergewaltigung\/vor-urteile-und-luegen-ueber-vergewaltigung\/","title":{"rendered":"Vor-Urteile und L\u00fcgen \u00fcber Vergewaltigung"},"content":{"rendered":"<!-- RS_MODULE_CODE_2.4.1 --><div id=\"readspeaker_button711\" class=\"rs_skip rsbtn rs_preserve\"><a class=\"rsbtn_play\" title=\"Um den Text anzuh&ouml;ren, verwenden Sie bitte ReadSpeaker\" accesskey=\"L\" href=\"\/\/app-eu.readspeaker.com\/cgi-bin\/rsent?customerid=9458&amp;lang=de_de&amp;readid=rspeak_read_711&amp;url=https%3A%2F%2Fwww.frauennotruf-kiel.de%2Fde_si%2Fwp-json%2Fwp%2Fv2%2Fpages%2F711\">\r\n        <span class=\"rsbtn_left rsimg rspart\"><span class=\"rsbtn_text\"><span>Vorlesen<\/span><\/span><\/span>\r\n        <span class=\"rsbtn_right rsimg rsplay rspart\"><\/span>\r\n        <\/a><\/div><div id=\"rspeak_read_711\"><h1>Vor-Urteile und L\u00fcgen \u00fcber Vergewaltigung<\/h1>\n<hr \/>\n<p>Bei Vergewaltigungen wird oft der Frau Schuld gegeben.<br \/>\nEs gibt viele Vorurteile und L\u00fcgen \u00fcber Vergewaltigung.<br \/>\nDas ist besonders schlimm.<img decoding=\"async\" src=\"https:\/\/www.frauennotruf-kiel.de\/wp-content\/uploads\/2017\/06\/schuldig_fuehlen-Frau-cKassing-247x300.png\" alt=\"Sich schuldig f\u00fchlen.\" class=\"alignright wp-image-1521\" width=\"142\" height=\"172\" title=\"Frau f\u00fchlt sich schuldig.\" srcset=\"https:\/\/www.frauennotruf-kiel.de\/wp-content\/uploads\/2017\/06\/schuldig_fuehlen-Frau-cKassing-247x300.png 247w, https:\/\/www.frauennotruf-kiel.de\/wp-content\/uploads\/2017\/06\/schuldig_fuehlen-Frau-cKassing.png 369w\" sizes=\"(max-width: 142px) 100vw, 142px\" \/><\/p>\n<p>Denn dann trauen sich viele Frauen nicht,<br \/>\ndie Vergewaltigung anzuzeigen.<\/p>\n<p>Und den T\u00e4tern wird Mut gemacht.<br \/>\nWeil sie keine Strafe bekommen.<\/p>\n<h2>Wir haben einige Vorurteile und L\u00fcgen aufgeschrieben.<\/h2>\n<blockquote><p>\u201eNur junge und h\u00fcbsche Frauen werden vergewaltigt.<img decoding=\"async\" src=\"https:\/\/www.frauennotruf-kiel.de\/wp-content\/uploads\/2017\/06\/Frau-1-cKassing-93x300.png\" alt=\"Eine Frau.\" class=\"alignright wp-image-1525 size-medium\" width=\"93\" height=\"300\" srcset=\"https:\/\/www.frauennotruf-kiel.de\/wp-content\/uploads\/2017\/06\/Frau-1-cKassing-93x300.png 93w, https:\/\/www.frauennotruf-kiel.de\/wp-content\/uploads\/2017\/06\/Frau-1-cKassing.png 138w\" sizes=\"(max-width: 93px) 100vw, 93px\" \/><br \/>\nOder Frauen, die enge und kurze R\u00f6cke tragen.\u201c<\/p><\/blockquote>\n<p><strong>Das stimmt nicht!<br \/>\n<\/strong>Das kann allen passieren.<\/p>\n<p>Auch jedes M\u00e4dchen und jede Frau kann vergewaltigt werden.<\/p>\n<ul>\n<li>Egal wie alt sie ist.<\/li>\n<li>Egal wie sie aussieht.<\/li>\n<li>Egal was die Frau anhat.<\/li>\n<li>Egal ob sie aus Deutschland kommt. oder aus einem anderen Land.<\/li>\n<\/ul>\n<hr \/>\n<blockquote><p>\u201eWenn eine Frau wirklich vergewaltigt wurde,<br \/>\ndann sieht man ihr das an.<br \/>\nSie ist ganz aufgeregt und erz\u00e4hlt sofort dar\u00fcber.\u201c<img decoding=\"async\" src=\"https:\/\/www.frauennotruf-kiel.de\/wp-content\/uploads\/2017\/06\/schaemen-Frau-cKassing-263x300.png\" alt=\"Eine Frau sch\u00e4mt sich.\" class=\"alignright wp-image-1528\" width=\"132\" height=\"151\" srcset=\"https:\/\/www.frauennotruf-kiel.de\/wp-content\/uploads\/2017\/06\/schaemen-Frau-cKassing-263x300.png 263w, https:\/\/www.frauennotruf-kiel.de\/wp-content\/uploads\/2017\/06\/schaemen-Frau-cKassing.png 392w\" sizes=\"(max-width: 132px) 100vw, 132px\" \/><\/p><\/blockquote>\n<p><strong>Das stimmt nicht!<\/strong><\/p>\n<p>Jede Frau verh\u00e4lt sich anders nach einer Vergewaltigung.<br \/>\nManche sind verzweifelt und aufgeregt.<br \/>\nAndere Frauen sehen ganz ruhig aus.<br \/>\nWieder andere Frauen sind w\u00fctend.<br \/>\nEs gibt kein richtiges Verhalten nach einer Vergewaltigung.<\/p>\n<p>Nur ganz wenige Frauen reden \u00fcber die Vergewaltigung.<br \/>\nDie meisten Frauen sch\u00e4men sich und haben Angst.<br \/>\nDeshalb erz\u00e4hlen sie niemandem, was passiert ist.<\/p>\n<hr \/>\n<blockquote><p>\u201eViele Frauen denken sich eine Vergewaltigung einfach aus.<br \/>\nWeil sie den M\u00e4nnern schaden wollen.\u201c<img decoding=\"async\" src=\"https:\/\/www.frauennotruf-kiel.de\/wp-content\/uploads\/2017\/06\/Achtung-cKassing-300x222.png\" alt=\"Ein Achtung-Schild.\" class=\"alignright wp-image-1531\" width=\"187\" height=\"138\" srcset=\"https:\/\/www.frauennotruf-kiel.de\/wp-content\/uploads\/2017\/06\/Achtung-cKassing-300x222.png 300w, https:\/\/www.frauennotruf-kiel.de\/wp-content\/uploads\/2017\/06\/Achtung-cKassing.png 449w\" sizes=\"(max-width: 187px) 100vw, 187px\" \/><\/p><\/blockquote>\n<p><strong>Das stimmt nicht!<\/strong><\/p>\n<p>Die Polizei sagt:<br \/>\nEs gibt nur ganz wenige falsche Anzeigen wegen Vergewaltigung.<\/p>\n<p>Oft ist es das Gegenteil:<br \/>\nDie Frauen zeigen eine Vergewaltigung nicht an.<\/p>\n<p>Weil sie Angst haben.<br \/>\nUnd weil sie sich sch\u00e4men.<\/p>\n<p>Wenn die Frau den T\u00e4ter gut kennt,<br \/>\ndann zeigt sie ihn fast nie an.<\/p>\n<hr \/>\n<blockquote><p>\u201eVergewaltigungen passieren meistens nachts im Park<br \/>\noder auf dunklen Stra\u00dfen.<br \/>\nDie T\u00e4ter sind meistens fremde M\u00e4nner.&#8220;<img decoding=\"async\" src=\"https:\/\/www.frauennotruf-kiel.de\/wp-content\/uploads\/2017\/06\/Mann-2-cKassing-100x300.png\" alt=\"Ein Mann.\" class=\"alignright wp-image-1534\" width=\"103\" height=\"308\" srcset=\"https:\/\/www.frauennotruf-kiel.de\/wp-content\/uploads\/2017\/06\/Mann-2-cKassing-100x300.png 100w, https:\/\/www.frauennotruf-kiel.de\/wp-content\/uploads\/2017\/06\/Mann-2-cKassing.png 150w\" sizes=\"(max-width: 103px) 100vw, 103px\" \/><\/p>\n<figure><\/figure>\n<figure><\/figure>\n<figure><\/figure>\n<figure><\/figure>\n<\/blockquote>\n<figure><\/figure>\n<figure><\/figure>\n<figure><\/figure>\n<p><strong>Das stimmt nicht!<\/strong><\/p>\n<p>Die meisten Vergewaltigungen passieren in der Familie.<br \/>\nOder durch Bekannte.<br \/>\nDer T\u00e4ter ist oft der Ehe-Mann oder der Freund.<\/p>\n<figure><\/figure>\n<p>Oder jemand aus der Familie.<br \/>\nOder jemand anderes, den die Frau gut kennt.<\/p>\n<p>Vergewaltigungen k\u00f6nnen zu jeder Uhr-Zeit passieren.<br \/>\nOft ist die Vergewaltigung auch vorher geplant.<\/p>\n<hr \/>\n<blockquote><p>\u201eDie T\u00e4ter sind oft krank oder gest\u00f6rt.\u201c<img decoding=\"async\" src=\"https:\/\/www.frauennotruf-kiel.de\/wp-content\/uploads\/2017\/06\/Achtung-cKassing-300x222.png\" alt=\"Ein Achtung-Schild.\" class=\"alignright wp-image-1531\" width=\"187\" height=\"138\" srcset=\"https:\/\/www.frauennotruf-kiel.de\/wp-content\/uploads\/2017\/06\/Achtung-cKassing-300x222.png 300w, https:\/\/www.frauennotruf-kiel.de\/wp-content\/uploads\/2017\/06\/Achtung-cKassing.png 449w\" sizes=\"(max-width: 187px) 100vw, 187px\" \/><\/p><\/blockquote>\n<p><strong>Das stimmt nicht!<br \/>\n<\/strong><\/p>\n<p>Die meisten T\u00e4ter bei einer Vergewaltigung sind ganz normale M\u00e4nner.<br \/>\nOft wollen die M\u00e4nner bei einer Vergewaltigung zeigen:<br \/>\nIch bin stark.<br \/>\nIch bestimme \u00fcber die Frau.<br \/>\nIch kann der Frau weh tun, wenn ich das will.<\/p>\n<hr \/>\n<blockquote><p>\u201eFrauen sind oft selbst daran schuld.\u201c<\/p><\/blockquote>\n<p><strong>Das stimmt nicht!<img decoding=\"async\" src=\"https:\/\/www.frauennotruf-kiel.de\/wp-content\/uploads\/2017\/06\/Stop-Frau-cKassing-158x300.png\" alt=\"Eine Frau sagt STOP!\" class=\"alignright wp-image-1537\" width=\"130\" height=\"247\" srcset=\"https:\/\/www.frauennotruf-kiel.de\/wp-content\/uploads\/2017\/06\/Stop-Frau-cKassing-158x300.png 158w, https:\/\/www.frauennotruf-kiel.de\/wp-content\/uploads\/2017\/06\/Stop-Frau-cKassing.png 236w\" sizes=\"(max-width: 130px) 100vw, 130px\" \/><\/strong><\/p>\n<p>Jeder Mensch hat das Recht darauf, Nein zu sagen.<\/p>\n<p>Egal wo. Egal wann.<br \/>\nAuch wenn die Frau den T\u00e4ter erst gek\u00fcsst hat.<\/p>\n<p>Oder wenn sie schon einmal Sex mit ihm hatte.<br \/>\nSie kann immer Nein sagen.<br \/>\nBei einer Vergewaltigung wird dieses Recht nicht ernst genommen.<br \/>\nDer Mann verletzt die Frau.<br \/>\nEr allein hat Schuld.<\/p>\n<\/div>","protected":false},"excerpt":{"rendered":"<!-- RS_MODULE_CODE_2.4.1 --><div id=\"readspeaker_button711\" class=\"rs_skip rsbtn rs_preserve\"><a class=\"rsbtn_play\" title=\"Um den Text anzuh&ouml;ren, verwenden Sie bitte ReadSpeaker\" accesskey=\"L\" href=\"\/\/app-eu.readspeaker.com\/cgi-bin\/rsent?customerid=9458&amp;lang=de_de&amp;readid=rspeak_read_711&amp;url=https%3A%2F%2Fwww.frauennotruf-kiel.de%2Fde_si%2Fwp-json%2Fwp%2Fv2%2Fpages%2F711\">\r\n        <span class=\"rsbtn_left rsimg rspart\"><span class=\"rsbtn_text\"><span>Vorlesen<\/span><\/span><\/span>\r\n        <span class=\"rsbtn_right rsimg rsplay rspart\"><\/span>\r\n        <\/a><\/div><div id=\"rspeak_read_711\"> Vor-Urteile und L\u00fcgen \u00fcber Vergewaltigung Bei Vergewaltigungen wird oft der Frau Schuld gegeben. Es gibt viele Vorurteile und L\u00fcgen \u00fcber Vergewaltigung. Das ist besonders schlimm. Denn dann trauen sich viele Frauen nicht, die Vergewaltigung anzuzeigen. Und den T\u00e4tern wird Mut gemacht. Weil sie keine Strafe bekommen. Wir haben einige Vorurteile und L\u00fcgen aufgeschrieben. \u201eNur<\/div>","protected":false},"author":6,"featured_media":0,"parent":352,"menu_order":0,"comment_status":"closed","ping_status":"closed","template":"","meta":{"_acf_changed":false,"footnotes":""},"class_list":["post post-type-page post-view- post-scope-","status-publish","clear"],"acf":[],"_links":{"self":[{"href":"https:\/\/www.frauennotruf-kiel.de\/de_si\/wp-json\/wp\/v2\/pages\/711","targetHints":{"allow":["GET"]}}],"collection":[{"href":"https:\/\/www.frauennotruf-kiel.de\/de_si\/wp-json\/wp\/v2\/pages"}],"about":[{"href":"https:\/\/www.frauennotruf-kiel.de\/de_si\/wp-json\/wp\/v2\/types\/page"}],"author":[{"embeddable":true,"href":"https:\/\/www.frauennotruf-kiel.de\/de_si\/wp-json\/wp\/v2\/users\/6"}],"replies":[{"embeddable":true,"href":"https:\/\/www.frauennotruf-kiel.de\/de_si\/wp-json\/wp\/v2\/comments?post=711"}],"version-history":[{"count":42,"href":"https:\/\/www.frauennotruf-kiel.de\/de_si\/wp-json\/wp\/v2\/pages\/711\/revisions"}],"predecessor-version":[{"id":1916,"href":"https:\/\/www.frauennotruf-kiel.de\/de_si\/wp-json\/wp\/v2\/pages\/711\/revisions\/1916"}],"up":[{"embeddable":true,"href":"https:\/\/www.frauennotruf-kiel.de\/de_si\/wp-json\/wp\/v2\/pages\/352"}],"wp:attachment":[{"href":"https:\/\/www.frauennotruf-kiel.de\/de_si\/wp-json\/wp\/v2\/media?parent=711"}],"curies":[{"name":"wp","href":"https:\/\/api.w.org\/{rel}","templated":true}]}}