{"id":719,"date":"2017-06-23T08:43:20","date_gmt":"2017-06-23T06:43:20","guid":{"rendered":"https:\/\/www.frauennotruf-kiel.de\/?page_id=719\/"},"modified":"2017-07-13T12:31:35","modified_gmt":"2017-07-13T10:31:35","slug":"zum-arzt-gehen","status":"publish","type":"page","link":"https:\/\/www.frauennotruf-kiel.de\/de_si\/dasistgewalt\/vergewaltigung\/zum-arzt-gehen\/","title":{"rendered":"Zum Arzt gehen"},"content":{"rendered":"<!-- RS_MODULE_CODE_2.4.1 --><div id=\"readspeaker_button719\" class=\"rs_skip rsbtn rs_preserve\"><a class=\"rsbtn_play\" title=\"Um den Text anzuh&ouml;ren, verwenden Sie bitte ReadSpeaker\" accesskey=\"L\" href=\"\/\/app-eu.readspeaker.com\/cgi-bin\/rsent?customerid=9458&amp;lang=de_de&amp;readid=rspeak_read_719&amp;url=https%3A%2F%2Fwww.frauennotruf-kiel.de%2Fde_si%2Fwp-json%2Fwp%2Fv2%2Fpages%2F719\">\r\n        <span class=\"rsbtn_left rsimg rspart\"><span class=\"rsbtn_text\"><span>Vorlesen<\/span><\/span><\/span>\r\n        <span class=\"rsbtn_right rsimg rsplay rspart\"><\/span>\r\n        <\/a><\/div><div id=\"rspeak_read_719\"><h1>Vergewaltigung &#8211; Zum Arzt gehen<\/h1>\n<hr \/>\n<p>Lassen Sie sich nach einer Vergewaltigung unbedingt untersuchen.<img decoding=\"async\" src=\"https:\/\/www.frauennotruf-kiel.de\/wp-content\/uploads\/2017\/06\/Aerztin-cKassing-187x300.png\" alt=\"Eine \u00c4rztin.\" class=\"alignright wp-image-1563\" width=\"120\" height=\"192\" srcset=\"https:\/\/www.frauennotruf-kiel.de\/wp-content\/uploads\/2017\/06\/Aerztin-cKassing-187x300.png 187w, https:\/\/www.frauennotruf-kiel.de\/wp-content\/uploads\/2017\/06\/Aerztin-cKassing.png 279w\" sizes=\"(max-width: 120px) 100vw, 120px\" \/><br \/>\nVielleicht haben Sie Verletzungen.<br \/>\nDer Arzt oder die \u00c4rztin behandelt Ihre Verletzungen.<br \/>\nDie Untersuchung ist aber auch wichtig als Beweis.<br \/>\nWenn Sie den T\u00e4ter anzeigen wollen.<\/p>\n<p>Vielleicht f\u00e4llt es Ihnen schwer zu einem Arzt oder einer \u00c4rztin zu gehen.<br \/>\nSie k\u00f6nnen aber eine Vertrauens-Person mitbringen.<\/p>\n<p>\u00c4rzte und \u00c4rztinnen haben Schweige-Pflicht.<img decoding=\"async\" src=\"https:\/\/www.frauennotruf-kiel.de\/wp-content\/uploads\/2017\/06\/Schweige-Pflicht-cKassing-208x300.png\" alt=\"Eine Frau legt den Finger an ihren Mund. Schweigen.\" class=\"alignright wp-image-1567\" width=\"100\" height=\"144\" srcset=\"https:\/\/www.frauennotruf-kiel.de\/wp-content\/uploads\/2017\/06\/Schweige-Pflicht-cKassing-208x300.png 208w, https:\/\/www.frauennotruf-kiel.de\/wp-content\/uploads\/2017\/06\/Schweige-Pflicht-cKassing.png 312w\" sizes=\"(max-width: 100px) 100vw, 100px\" \/><br \/>\nDas hei\u00dft: Die \u00c4rztin oder der Arzt darf nichts weitersagen.<br \/>\nSie entscheiden selbst:<br \/>\nWas machen Sie mit den Beweisen.<\/p>\n<p>Wenn Sie den T\u00e4ter anzeigen wollen,<br \/>\ndann ist die medizinische Untersuchung sehr wichtig.<\/p>\n<p>Die Untersuchung ist dann ein Beweis.<br \/>\nSie m\u00fcssen genau erz\u00e4hlen:<br \/>\nWie ist die Vergewaltigung passiert?<\/p>\n<p>Der Arzt oder die \u00c4rztin muss genaue Regeln<img decoding=\"async\" src=\"https:\/\/www.frauennotruf-kiel.de\/wp-content\/uploads\/2017\/06\/Achtung-cKassing-300x222.png\" alt=\"Ein Achtung-Schild.\" class=\"alignright wp-image-1531\" width=\"120\" height=\"89\" srcset=\"https:\/\/www.frauennotruf-kiel.de\/wp-content\/uploads\/2017\/06\/Achtung-cKassing-300x222.png 300w, https:\/\/www.frauennotruf-kiel.de\/wp-content\/uploads\/2017\/06\/Achtung-cKassing.png 449w\" sizes=\"(max-width: 120px) 100vw, 120px\" \/><br \/>\nf\u00fcr die Untersuchung einhalten.<br \/>\nDamit die Untersuchung wirklich als Beweis gilt.<br \/>\nInfos dar\u00fcber gibt es bei der Polizei.<br \/>\nSie bekommen Info-Bl\u00e4tter zu der medizinischen Untersuchung<br \/>\nauch beim Frauen-Notruf.<\/p>\n<\/div>","protected":false},"excerpt":{"rendered":"<!-- RS_MODULE_CODE_2.4.1 --><div id=\"readspeaker_button719\" class=\"rs_skip rsbtn rs_preserve\"><a class=\"rsbtn_play\" title=\"Um den Text anzuh&ouml;ren, verwenden Sie bitte ReadSpeaker\" accesskey=\"L\" href=\"\/\/app-eu.readspeaker.com\/cgi-bin\/rsent?customerid=9458&amp;lang=de_de&amp;readid=rspeak_read_719&amp;url=https%3A%2F%2Fwww.frauennotruf-kiel.de%2Fde_si%2Fwp-json%2Fwp%2Fv2%2Fpages%2F719\">\r\n        <span class=\"rsbtn_left rsimg rspart\"><span class=\"rsbtn_text\"><span>Vorlesen<\/span><\/span><\/span>\r\n        <span class=\"rsbtn_right rsimg rsplay rspart\"><\/span>\r\n        <\/a><\/div><div id=\"rspeak_read_719\"> Vergewaltigung &#8211; Zum Arzt gehen Lassen Sie sich nach einer Vergewaltigung unbedingt untersuchen. Vielleicht haben Sie Verletzungen. Der Arzt oder die \u00c4rztin behandelt Ihre Verletzungen. Die Untersuchung ist aber auch wichtig als Beweis. Wenn Sie den T\u00e4ter anzeigen wollen. Vielleicht f\u00e4llt es Ihnen schwer zu einem Arzt oder einer \u00c4rztin zu gehen. Sie k\u00f6nnen<\/div>","protected":false},"author":6,"featured_media":0,"parent":352,"menu_order":0,"comment_status":"closed","ping_status":"closed","template":"","meta":{"_acf_changed":false,"footnotes":""},"class_list":["post post-type-page post-view- post-scope-","status-publish","clear"],"acf":[],"_links":{"self":[{"href":"https:\/\/www.frauennotruf-kiel.de\/de_si\/wp-json\/wp\/v2\/pages\/719","targetHints":{"allow":["GET"]}}],"collection":[{"href":"https:\/\/www.frauennotruf-kiel.de\/de_si\/wp-json\/wp\/v2\/pages"}],"about":[{"href":"https:\/\/www.frauennotruf-kiel.de\/de_si\/wp-json\/wp\/v2\/types\/page"}],"author":[{"embeddable":true,"href":"https:\/\/www.frauennotruf-kiel.de\/de_si\/wp-json\/wp\/v2\/users\/6"}],"replies":[{"embeddable":true,"href":"https:\/\/www.frauennotruf-kiel.de\/de_si\/wp-json\/wp\/v2\/comments?post=719"}],"version-history":[{"count":12,"href":"https:\/\/www.frauennotruf-kiel.de\/de_si\/wp-json\/wp\/v2\/pages\/719\/revisions"}],"predecessor-version":[{"id":1918,"href":"https:\/\/www.frauennotruf-kiel.de\/de_si\/wp-json\/wp\/v2\/pages\/719\/revisions\/1918"}],"up":[{"embeddable":true,"href":"https:\/\/www.frauennotruf-kiel.de\/de_si\/wp-json\/wp\/v2\/pages\/352"}],"wp:attachment":[{"href":"https:\/\/www.frauennotruf-kiel.de\/de_si\/wp-json\/wp\/v2\/media?parent=719"}],"curies":[{"name":"wp","href":"https:\/\/api.w.org\/{rel}","templated":true}]}}