{"id":721,"date":"2017-06-23T08:43:47","date_gmt":"2017-06-23T06:43:47","guid":{"rendered":"https:\/\/www.frauennotruf-kiel.de\/?page_id=721\/"},"modified":"2017-07-13T12:34:22","modified_gmt":"2017-07-13T10:34:22","slug":"die-anzeige","status":"publish","type":"page","link":"https:\/\/www.frauennotruf-kiel.de\/de_si\/dasistgewalt\/vergewaltigung\/die-anzeige\/","title":{"rendered":"Die Anzeige"},"content":{"rendered":"<!-- RS_MODULE_CODE_2.4.1 --><div id=\"readspeaker_button721\" class=\"rs_skip rsbtn rs_preserve\"><a class=\"rsbtn_play\" title=\"Um den Text anzuh&ouml;ren, verwenden Sie bitte ReadSpeaker\" accesskey=\"L\" href=\"\/\/app-eu.readspeaker.com\/cgi-bin\/rsent?customerid=9458&amp;lang=de_de&amp;readid=rspeak_read_721&amp;url=https%3A%2F%2Fwww.frauennotruf-kiel.de%2Fde_si%2Fwp-json%2Fwp%2Fv2%2Fpages%2F721\">\r\n        <span class=\"rsbtn_left rsimg rspart\"><span class=\"rsbtn_text\"><span>Vorlesen<\/span><\/span><\/span>\r\n        <span class=\"rsbtn_right rsimg rsplay rspart\"><\/span>\r\n        <\/a><\/div><div id=\"rspeak_read_721\"><h1>Vergewaltigung \u2013 Die Anzeige<\/h1>\n<hr \/>\n<p>Die Entscheidung ist f\u00fcr alle Frauen schwierig:<img decoding=\"async\" src=\"https:\/\/www.frauennotruf-kiel.de\/wp-content\/uploads\/2017\/06\/Polizei-sprechen-cKassing-300x255.png\" alt=\"Eine Frau spricht mit der Polizei.\" class=\"alignright wp-image-1577\" width=\"185\" height=\"157\" srcset=\"https:\/\/www.frauennotruf-kiel.de\/wp-content\/uploads\/2017\/06\/Polizei-sprechen-cKassing-300x255.png 300w, https:\/\/www.frauennotruf-kiel.de\/wp-content\/uploads\/2017\/06\/Polizei-sprechen-cKassing.png 448w\" sizes=\"(max-width: 185px) 100vw, 185px\" \/><\/p>\n<p>Sollen sie den T\u00e4ter bei einer Vergewaltigung anzeigen?<br \/>\nDann wird der T\u00e4ter vielleicht bestraft.<br \/>\nDann kann er anderen Frauen nichts mehr tun.<\/p>\n<p>Aber eine Anzeige ist f\u00fcr die Frau auch sehr schwer.<\/p>\n<p>Sie hat vielleicht Angst vor dem Gerichts-Verfahren.<br \/>\nWenn sie vor fremden Menschen \u00fcber die Vergewaltigung erz\u00e4hlen muss.<img decoding=\"async\" src=\"https:\/\/www.frauennotruf-kiel.de\/wp-content\/uploads\/2017\/06\/erschrocken-Frau-cKassing-189x300.png\" alt=\"Eine Frau ist erschrocken.\" class=\"alignright wp-image-1551\" width=\"100\" height=\"158\" srcset=\"https:\/\/www.frauennotruf-kiel.de\/wp-content\/uploads\/2017\/06\/erschrocken-Frau-cKassing-189x300.png 189w, https:\/\/www.frauennotruf-kiel.de\/wp-content\/uploads\/2017\/06\/erschrocken-Frau-cKassing.png 284w\" sizes=\"(max-width: 100px) 100vw, 100px\" \/><br \/>\nSie hat vielleicht auch Angst vor dem T\u00e4ter.<\/p>\n<p>Die Entscheidung muss immer der Frau \u00fcberlassen werden.<br \/>\nNur sie kann entscheiden:<br \/>\nTraut sie sich das zu.<\/p>\n<p>Eine gute Beratung kann der Frau bei der Entscheidung helfen.<br \/>\nZum Beispiel beim Frauen-Notruf.<\/p>\n<p>Die Mitarbeiterinnen kommen auch mit zur Polizei<br \/>\noder zu Untersuchungen.<\/p>\n<p>Bei den Beratungs-Stellen bekommen die Frauen<img decoding=\"async\" src=\"https:\/\/www.frauennotruf-kiel.de\/wp-content\/uploads\/2017\/06\/Beraterin-cKassing-300x221.png\" alt=\"Eine Frau erz\u00e4hlt etwas. Eine andere Frau h\u00f6rt zu.\" class=\"alignright wp-image-1580\" width=\"180\" height=\"133\" srcset=\"https:\/\/www.frauennotruf-kiel.de\/wp-content\/uploads\/2017\/06\/Beraterin-cKassing-300x221.png 300w, https:\/\/www.frauennotruf-kiel.de\/wp-content\/uploads\/2017\/06\/Beraterin-cKassing.png 449w\" sizes=\"(max-width: 180px) 100vw, 180px\" \/><br \/>\nauch Infos \u00fcber das Gerichts-Verfahren.<\/p>\n<p>Bei einer Vergewaltigung darf sich jede Frau<br \/>\neinen Anwalt oder eine Anw\u00e4ltin suchen.<br \/>\nDas Geld f\u00fcr den Anwalt oder die Anw\u00e4ltin bezahlt der Staat.<br \/>\nDer Anwalt oder die Anw\u00e4ltin unterst\u00fctzt die Frau beim Prozess.<br \/>\nUnd bei den Gespr\u00e4chen bei der Polizei.<\/p>\n<\/div>","protected":false},"excerpt":{"rendered":"<!-- RS_MODULE_CODE_2.4.1 --><div id=\"readspeaker_button721\" class=\"rs_skip rsbtn rs_preserve\"><a class=\"rsbtn_play\" title=\"Um den Text anzuh&ouml;ren, verwenden Sie bitte ReadSpeaker\" accesskey=\"L\" href=\"\/\/app-eu.readspeaker.com\/cgi-bin\/rsent?customerid=9458&amp;lang=de_de&amp;readid=rspeak_read_721&amp;url=https%3A%2F%2Fwww.frauennotruf-kiel.de%2Fde_si%2Fwp-json%2Fwp%2Fv2%2Fpages%2F721\">\r\n        <span class=\"rsbtn_left rsimg rspart\"><span class=\"rsbtn_text\"><span>Vorlesen<\/span><\/span><\/span>\r\n        <span class=\"rsbtn_right rsimg rsplay rspart\"><\/span>\r\n        <\/a><\/div><div id=\"rspeak_read_721\"> Vergewaltigung \u2013 Die Anzeige Die Entscheidung ist f\u00fcr alle Frauen schwierig: Sollen sie den T\u00e4ter bei einer Vergewaltigung anzeigen? Dann wird der T\u00e4ter vielleicht bestraft. Dann kann er anderen Frauen nichts mehr tun. Aber eine Anzeige ist f\u00fcr die Frau auch sehr schwer. Sie hat vielleicht Angst vor dem Gerichts-Verfahren. Wenn sie vor fremden<\/div>","protected":false},"author":6,"featured_media":0,"parent":352,"menu_order":0,"comment_status":"closed","ping_status":"closed","template":"","meta":{"_acf_changed":false,"footnotes":""},"class_list":["post post-type-page post-view- post-scope-","status-publish","clear"],"acf":[],"_links":{"self":[{"href":"https:\/\/www.frauennotruf-kiel.de\/de_si\/wp-json\/wp\/v2\/pages\/721","targetHints":{"allow":["GET"]}}],"collection":[{"href":"https:\/\/www.frauennotruf-kiel.de\/de_si\/wp-json\/wp\/v2\/pages"}],"about":[{"href":"https:\/\/www.frauennotruf-kiel.de\/de_si\/wp-json\/wp\/v2\/types\/page"}],"author":[{"embeddable":true,"href":"https:\/\/www.frauennotruf-kiel.de\/de_si\/wp-json\/wp\/v2\/users\/6"}],"replies":[{"embeddable":true,"href":"https:\/\/www.frauennotruf-kiel.de\/de_si\/wp-json\/wp\/v2\/comments?post=721"}],"version-history":[{"count":14,"href":"https:\/\/www.frauennotruf-kiel.de\/de_si\/wp-json\/wp\/v2\/pages\/721\/revisions"}],"predecessor-version":[{"id":1920,"href":"https:\/\/www.frauennotruf-kiel.de\/de_si\/wp-json\/wp\/v2\/pages\/721\/revisions\/1920"}],"up":[{"embeddable":true,"href":"https:\/\/www.frauennotruf-kiel.de\/de_si\/wp-json\/wp\/v2\/pages\/352"}],"wp:attachment":[{"href":"https:\/\/www.frauennotruf-kiel.de\/de_si\/wp-json\/wp\/v2\/media?parent=721"}],"curies":[{"name":"wp","href":"https:\/\/api.w.org\/{rel}","templated":true}]}}