{"id":729,"date":"2017-06-23T08:50:27","date_gmt":"2017-06-23T06:50:27","guid":{"rendered":"https:\/\/www.frauennotruf-kiel.de\/?page_id=729\/"},"modified":"2017-07-13T12:56:39","modified_gmt":"2017-07-13T10:56:39","slug":"wer-sind-die-taeter-bei-gewalt","status":"publish","type":"page","link":"https:\/\/www.frauennotruf-kiel.de\/de_si\/dasistgewalt\/gewalt-gegen-frauen-und-maedchen-mit-behinderungen\/wer-sind-die-taeter-bei-gewalt\/","title":{"rendered":"Wer sind die T\u00e4ter bei Gewalt?"},"content":{"rendered":"<!-- RS_MODULE_CODE_2.4.1 --><div id=\"readspeaker_button729\" class=\"rs_skip rsbtn rs_preserve\"><a class=\"rsbtn_play\" title=\"Um den Text anzuh&ouml;ren, verwenden Sie bitte ReadSpeaker\" accesskey=\"L\" href=\"\/\/app-eu.readspeaker.com\/cgi-bin\/rsent?customerid=9458&amp;lang=de_de&amp;readid=rspeak_read_729&amp;url=https%3A%2F%2Fwww.frauennotruf-kiel.de%2Fde_si%2Fwp-json%2Fwp%2Fv2%2Fpages%2F729\">\r\n        <span class=\"rsbtn_left rsimg rspart\"><span class=\"rsbtn_text\"><span>Vorlesen<\/span><\/span><\/span>\r\n        <span class=\"rsbtn_right rsimg rsplay rspart\"><\/span>\r\n        <\/a><\/div><div id=\"rspeak_read_729\"><h1>Wer sind die T\u00e4ter bei Gewalt?<\/h1>\n<hr \/>\n<p id=\"taeter\"><strong><img decoding=\"async\" src=\"https:\/\/www.frauennotruf-kiel.de\/wp-content\/uploads\/2017\/06\/Mann-2-cKassing-100x300.png\" alt=\"Ein Mann.\" class=\"alignright wp-image-1534 size-medium\" width=\"100\" height=\"300\" srcset=\"https:\/\/www.frauennotruf-kiel.de\/wp-content\/uploads\/2017\/06\/Mann-2-cKassing-100x300.png 100w, https:\/\/www.frauennotruf-kiel.de\/wp-content\/uploads\/2017\/06\/Mann-2-cKassing.png 150w\" sizes=\"(max-width: 100px) 100vw, 100px\" \/><\/strong><\/p>\n<p>Meistens sind die T\u00e4ter M\u00e4nner.<br \/>\nOft kennen die Frauen die T\u00e4ter gut.<\/p>\n<p>Zum Beispiel:<\/p>\n<ul>\n<li>Der Vater oder Pflege-Vater.<\/li>\n<li>Der Betreuer im Wohn-Heim oder in der Werkstatt.<\/li>\n<li>Der Bus-Fahrer oder Taxi-Fahrer.<\/li>\n<li>Der Kollege in der Werkstatt oder ein Mit-Bewohner.<\/li>\n<\/ul>\n<p>Manchmal sind die T\u00e4ter bei Gewalt auch Frauen.<br \/>\nAber das ist sehr selten.<\/p>\n<\/div>","protected":false},"excerpt":{"rendered":"<!-- RS_MODULE_CODE_2.4.1 --><div id=\"readspeaker_button729\" class=\"rs_skip rsbtn rs_preserve\"><a class=\"rsbtn_play\" title=\"Um den Text anzuh&ouml;ren, verwenden Sie bitte ReadSpeaker\" accesskey=\"L\" href=\"\/\/app-eu.readspeaker.com\/cgi-bin\/rsent?customerid=9458&amp;lang=de_de&amp;readid=rspeak_read_729&amp;url=https%3A%2F%2Fwww.frauennotruf-kiel.de%2Fde_si%2Fwp-json%2Fwp%2Fv2%2Fpages%2F729\">\r\n        <span class=\"rsbtn_left rsimg rspart\"><span class=\"rsbtn_text\"><span>Vorlesen<\/span><\/span><\/span>\r\n        <span class=\"rsbtn_right rsimg rsplay rspart\"><\/span>\r\n        <\/a><\/div><div id=\"rspeak_read_729\"> Wer sind die T\u00e4ter bei Gewalt? Meistens sind die T\u00e4ter M\u00e4nner. Oft kennen die Frauen die T\u00e4ter gut. Zum Beispiel: Der Vater oder Pflege-Vater. Der Betreuer im Wohn-Heim oder in der Werkstatt. Der Bus-Fahrer oder Taxi-Fahrer. Der Kollege in der Werkstatt oder ein Mit-Bewohner. Manchmal sind die T\u00e4ter bei Gewalt auch Frauen. Aber das<\/div>","protected":false},"author":6,"featured_media":0,"parent":332,"menu_order":0,"comment_status":"closed","ping_status":"closed","template":"","meta":{"_acf_changed":false,"footnotes":""},"class_list":["post post-type-page post-view- post-scope-","status-publish","clear"],"acf":[],"_links":{"self":[{"href":"https:\/\/www.frauennotruf-kiel.de\/de_si\/wp-json\/wp\/v2\/pages\/729","targetHints":{"allow":["GET"]}}],"collection":[{"href":"https:\/\/www.frauennotruf-kiel.de\/de_si\/wp-json\/wp\/v2\/pages"}],"about":[{"href":"https:\/\/www.frauennotruf-kiel.de\/de_si\/wp-json\/wp\/v2\/types\/page"}],"author":[{"embeddable":true,"href":"https:\/\/www.frauennotruf-kiel.de\/de_si\/wp-json\/wp\/v2\/users\/6"}],"replies":[{"embeddable":true,"href":"https:\/\/www.frauennotruf-kiel.de\/de_si\/wp-json\/wp\/v2\/comments?post=729"}],"version-history":[{"count":7,"href":"https:\/\/www.frauennotruf-kiel.de\/de_si\/wp-json\/wp\/v2\/pages\/729\/revisions"}],"predecessor-version":[{"id":1930,"href":"https:\/\/www.frauennotruf-kiel.de\/de_si\/wp-json\/wp\/v2\/pages\/729\/revisions\/1930"}],"up":[{"embeddable":true,"href":"https:\/\/www.frauennotruf-kiel.de\/de_si\/wp-json\/wp\/v2\/pages\/332"}],"wp:attachment":[{"href":"https:\/\/www.frauennotruf-kiel.de\/de_si\/wp-json\/wp\/v2\/media?parent=729"}],"curies":[{"name":"wp","href":"https:\/\/api.w.org\/{rel}","templated":true}]}}