{"id":733,"date":"2017-06-23T08:51:30","date_gmt":"2017-06-23T06:51:30","guid":{"rendered":"https:\/\/www.frauennotruf-kiel.de\/?page_id=733\/"},"modified":"2017-07-13T13:00:05","modified_gmt":"2017-07-13T11:00:05","slug":"was-kann-man-tun-gegen-gewalt","status":"publish","type":"page","link":"https:\/\/www.frauennotruf-kiel.de\/de_si\/dasistgewalt\/gewalt-gegen-frauen-und-maedchen-mit-behinderungen\/was-kann-man-tun-gegen-gewalt\/","title":{"rendered":"Was kann man tun gegen Gewalt?"},"content":{"rendered":"<!-- RS_MODULE_CODE_2.4.1 --><div id=\"readspeaker_button733\" class=\"rs_skip rsbtn rs_preserve\"><a class=\"rsbtn_play\" title=\"Um den Text anzuh&ouml;ren, verwenden Sie bitte ReadSpeaker\" accesskey=\"L\" href=\"\/\/app-eu.readspeaker.com\/cgi-bin\/rsent?customerid=9458&amp;lang=de_de&amp;readid=rspeak_read_733&amp;url=https%3A%2F%2Fwww.frauennotruf-kiel.de%2Fde_si%2Fwp-json%2Fwp%2Fv2%2Fpages%2F733\">\r\n        <span class=\"rsbtn_left rsimg rspart\"><span class=\"rsbtn_text\"><span>Vorlesen<\/span><\/span><\/span>\r\n        <span class=\"rsbtn_right rsimg rsplay rspart\"><\/span>\r\n        <\/a><\/div><div id=\"rspeak_read_733\"><h1>Was kann man tun gegen Gewalt?<\/h1>\n<hr \/>\n<h2><strong>Welche Hilfen brauchen Frauen und M\u00e4dchen mit Behinderungen?<img decoding=\"async\" src=\"https:\/\/www.frauennotruf-kiel.de\/wp-content\/uploads\/2017\/06\/Beratung-Frauen-cKassing-300x216.png\" alt=\"Eine Frau im Rllstuhl in einer Beratung.\" class=\"alignright wp-image-1654\" width=\"150\" height=\"108\" srcset=\"https:\/\/www.frauennotruf-kiel.de\/wp-content\/uploads\/2017\/06\/Beratung-Frauen-cKassing-300x216.png 300w, https:\/\/www.frauennotruf-kiel.de\/wp-content\/uploads\/2017\/06\/Beratung-Frauen-cKassing.png 449w\" sizes=\"(max-width: 150px) 100vw, 150px\" \/><\/strong><\/h2>\n<p>Immer mehr Menschen wissen:<br \/>\nFrauen und M\u00e4dchen mit Behinderungen<br \/>\nm\u00fcssen st\u00e4rker vor Gewalt gesch\u00fctzt werden.<br \/>\nBeratungs-Stellen f\u00fcr Frauen und Frauen-Notrufe helfen allen Frauen.<br \/>\nAuch Frauen mit Behinderungen.<\/p>\n<p>Einige Beratungs-Stellen haben Angebote<img decoding=\"async\" src=\"https:\/\/www.frauennotruf-kiel.de\/wp-content\/uploads\/2017\/06\/Kurs-Frauen-cKassing-300x193.png\" alt=\"Frauen besuchen einen Kurs.\" class=\"alignright wp-image-1657\" width=\"150\" height=\"97\" srcset=\"https:\/\/www.frauennotruf-kiel.de\/wp-content\/uploads\/2017\/06\/Kurs-Frauen-cKassing-300x193.png 300w, https:\/\/www.frauennotruf-kiel.de\/wp-content\/uploads\/2017\/06\/Kurs-Frauen-cKassing.png 449w\" sizes=\"(max-width: 150px) 100vw, 150px\" \/><br \/>\nf\u00fcr Frauen mit unterschiedlichen Behinderungen.<br \/>\nZum Beispiel: Beratung in Leichter Sprache.<\/p>\n<p>Andere Beratungs-Stellen arbeiten mit Einrichtungen f\u00fcr behinderte Menschen zusammen.<\/p>\n<p>Sie machen gemeinsam Weiterbildungen und Kurse.<img decoding=\"async\" src=\"https:\/\/www.frauennotruf-kiel.de\/wp-content\/uploads\/2017\/06\/Frauen-Netzwerk-cKassing-300x287.png\" alt=\"Ein Frauen-Netzwerk.\" class=\"alignright wp-image-1660\" width=\"150\" height=\"144\" srcset=\"https:\/\/www.frauennotruf-kiel.de\/wp-content\/uploads\/2017\/06\/Frauen-Netzwerk-cKassing-300x287.png 300w, https:\/\/www.frauennotruf-kiel.de\/wp-content\/uploads\/2017\/06\/Frauen-Netzwerk-cKassing.png 451w\" sizes=\"(max-width: 150px) 100vw, 150px\" \/><\/p>\n<p>In vielen St\u00e4dten gibt es Arbeits-Gruppen und Netz-Werke zum Thema Gewalt gegen Frauen mit Behinderungen.<\/p>\n<p>Dort arbeiten viele verschiedene Menschen zusammen.<br \/>\nZusammen machen sie etwas gegen die Gewalt.<\/p>\n<\/div>","protected":false},"excerpt":{"rendered":"<!-- RS_MODULE_CODE_2.4.1 --><div id=\"readspeaker_button733\" class=\"rs_skip rsbtn rs_preserve\"><a class=\"rsbtn_play\" title=\"Um den Text anzuh&ouml;ren, verwenden Sie bitte ReadSpeaker\" accesskey=\"L\" href=\"\/\/app-eu.readspeaker.com\/cgi-bin\/rsent?customerid=9458&amp;lang=de_de&amp;readid=rspeak_read_733&amp;url=https%3A%2F%2Fwww.frauennotruf-kiel.de%2Fde_si%2Fwp-json%2Fwp%2Fv2%2Fpages%2F733\">\r\n        <span class=\"rsbtn_left rsimg rspart\"><span class=\"rsbtn_text\"><span>Vorlesen<\/span><\/span><\/span>\r\n        <span class=\"rsbtn_right rsimg rsplay rspart\"><\/span>\r\n        <\/a><\/div><div id=\"rspeak_read_733\"> Was kann man tun gegen Gewalt? Welche Hilfen brauchen Frauen und M\u00e4dchen mit Behinderungen? Immer mehr Menschen wissen: Frauen und M\u00e4dchen mit Behinderungen m\u00fcssen st\u00e4rker vor Gewalt gesch\u00fctzt werden. Beratungs-Stellen f\u00fcr Frauen und Frauen-Notrufe helfen allen Frauen. Auch Frauen mit Behinderungen. Einige Beratungs-Stellen haben Angebote f\u00fcr Frauen mit unterschiedlichen Behinderungen. Zum Beispiel: Beratung in<\/div>","protected":false},"author":6,"featured_media":0,"parent":332,"menu_order":0,"comment_status":"closed","ping_status":"closed","template":"","meta":{"_acf_changed":false,"footnotes":""},"class_list":["post post-type-page post-view- post-scope-","status-publish","clear"],"acf":[],"_links":{"self":[{"href":"https:\/\/www.frauennotruf-kiel.de\/de_si\/wp-json\/wp\/v2\/pages\/733","targetHints":{"allow":["GET"]}}],"collection":[{"href":"https:\/\/www.frauennotruf-kiel.de\/de_si\/wp-json\/wp\/v2\/pages"}],"about":[{"href":"https:\/\/www.frauennotruf-kiel.de\/de_si\/wp-json\/wp\/v2\/types\/page"}],"author":[{"embeddable":true,"href":"https:\/\/www.frauennotruf-kiel.de\/de_si\/wp-json\/wp\/v2\/users\/6"}],"replies":[{"embeddable":true,"href":"https:\/\/www.frauennotruf-kiel.de\/de_si\/wp-json\/wp\/v2\/comments?post=733"}],"version-history":[{"count":9,"href":"https:\/\/www.frauennotruf-kiel.de\/de_si\/wp-json\/wp\/v2\/pages\/733\/revisions"}],"predecessor-version":[{"id":1932,"href":"https:\/\/www.frauennotruf-kiel.de\/de_si\/wp-json\/wp\/v2\/pages\/733\/revisions\/1932"}],"up":[{"embeddable":true,"href":"https:\/\/www.frauennotruf-kiel.de\/de_si\/wp-json\/wp\/v2\/pages\/332"}],"wp:attachment":[{"href":"https:\/\/www.frauennotruf-kiel.de\/de_si\/wp-json\/wp\/v2\/media?parent=733"}],"curies":[{"name":"wp","href":"https:\/\/api.w.org\/{rel}","templated":true}]}}