{"id":921,"date":"2017-06-23T11:47:36","date_gmt":"2017-06-23T09:47:36","guid":{"rendered":"https:\/\/www.frauennotruf-kiel.de\/?page_id=921\/"},"modified":"2017-07-13T12:50:28","modified_gmt":"2017-07-13T10:50:28","slug":"was-sind-die-folgen-von-gewalt-zuhause","status":"publish","type":"page","link":"https:\/\/www.frauennotruf-kiel.de\/de_si\/dasistgewalt\/gewalt-zuhause\/was-sind-die-folgen-von-gewalt-zuhause\/","title":{"rendered":"Was sind die Folgen von Gewalt zuhause"},"content":{"rendered":"<!-- RS_MODULE_CODE_2.4.1 --><div id=\"readspeaker_button921\" class=\"rs_skip rsbtn rs_preserve\"><a class=\"rsbtn_play\" title=\"Um den Text anzuh&ouml;ren, verwenden Sie bitte ReadSpeaker\" accesskey=\"L\" href=\"\/\/app-eu.readspeaker.com\/cgi-bin\/rsent?customerid=9458&amp;lang=de_de&amp;readid=rspeak_read_921&amp;url=https%3A%2F%2Fwww.frauennotruf-kiel.de%2Fde_si%2Fwp-json%2Fwp%2Fv2%2Fpages%2F921\">\r\n        <span class=\"rsbtn_left rsimg rspart\"><span class=\"rsbtn_text\"><span>Vorlesen<\/span><\/span><\/span>\r\n        <span class=\"rsbtn_right rsimg rsplay rspart\"><\/span>\r\n        <\/a><\/div><div id=\"rspeak_read_921\"><h1>Was sind die Folgen von Gewalt zuhause?<\/h1>\n<hr \/>\n<p><strong>Die Folgen von Gewalt sind oft schlimm f\u00fcr die Frauen.<\/strong><br \/>\nSie haben oft Schmerzen und Verletzungen am ganzen K\u00f6rper.<img decoding=\"async\" src=\"https:\/\/www.frauennotruf-kiel.de\/wp-content\/uploads\/2017\/06\/hilflos-Frau-cKassing-254x300.png\" alt=\"Eine Frau f\u00fchlt sich hilflos.\" class=\"alignright wp-image-1541\" width=\"137\" height=\"162\" srcset=\"https:\/\/www.frauennotruf-kiel.de\/wp-content\/uploads\/2017\/06\/hilflos-Frau-cKassing-254x300.png 254w, https:\/\/www.frauennotruf-kiel.de\/wp-content\/uploads\/2017\/06\/hilflos-Frau-cKassing.png 379w\" sizes=\"(max-width: 137px) 100vw, 137px\" \/><br \/>\nSie bekommen oft auch seelische Probleme durch die Gewalt.<\/p>\n<p>Zum Beispiel:<br \/>\nDie Frauen haben gro\u00dfe Angst.<br \/>\nOder sie sind sehr traurig und k\u00f6nnen nichts mehr machen.<br \/>\nDann k\u00f6nnen sich die Frauen noch schwerer gegen die Gewalt wehren.<\/p>\n<p>Wenn die Gewalt l\u00e4nger dauert:<br \/>\nDann wird es immer schwerer, Hilfe zu bekommen.<br \/>\n<img decoding=\"async\" src=\"https:\/\/www.frauennotruf-kiel.de\/wp-content\/uploads\/2017\/06\/traurig-Frau-2-cKassing-182x300.png\" alt=\"Eine Frau ist traurig.\" class=\"alignright wp-image-1545\" width=\"117\" height=\"193\" srcset=\"https:\/\/www.frauennotruf-kiel.de\/wp-content\/uploads\/2017\/06\/traurig-Frau-2-cKassing-182x300.png 182w, https:\/\/www.frauennotruf-kiel.de\/wp-content\/uploads\/2017\/06\/traurig-Frau-2-cKassing.png 272w\" sizes=\"(max-width: 117px) 100vw, 117px\" \/><br \/>\nDie Gewalt macht das Leben f\u00fcr die Frauen in vielen Bereichen schwer.<br \/>\nZum Beispiel auch an der Arbeit.<br \/>\nOder beim Zusammen-Sein mit anderen Menschen.<\/p>\n<p>Forscher und Forscherinnen haben herausgefunden:<\/p>\n<p><strong>Wegen der Gewalt bekommen die Frauen viele seelische Probleme.<\/strong><br \/>\n<img decoding=\"async\" src=\"https:\/\/www.frauennotruf-kiel.de\/wp-content\/uploads\/2017\/06\/Angst-Frau-cKassing-230x300.png\" alt=\"Eine Frau hat Angst.\" class=\"alignright wp-image-1517\" width=\"115\" height=\"150\" srcset=\"https:\/\/www.frauennotruf-kiel.de\/wp-content\/uploads\/2017\/06\/Angst-Frau-cKassing-230x300.png 230w, https:\/\/www.frauennotruf-kiel.de\/wp-content\/uploads\/2017\/06\/Angst-Frau-cKassing.png 346w\" sizes=\"(max-width: 115px) 100vw, 115px\" \/><br \/>\nZum Beispiel:<\/p>\n<ul>\n<li>Die Frauen k\u00f6nnen nicht mehr schlafen.<br \/>\nSie haben gro\u00dfe Angst.<\/li>\n<li>Oder sie sind sehr traurig.<\/li>\n<li>Manche Frauen verletzen sich selbst.<br \/>\nOder sie wollen nicht mehr leben.<\/li>\n<li>Viele Frauen bekommen auch Ess-St\u00f6rungen.<br \/>\nSie k\u00f6nnen nicht mehr essen.<br \/>\nOder sie essen ganz viel.<\/li>\n<li><img decoding=\"async\" src=\"https:\/\/www.frauennotruf-kiel.de\/wp-content\/uploads\/2017\/06\/Drogen-cKassing-300x300.png\" alt=\"Verschiedene Drogen.\" class=\"alignright wp-image-1554\" width=\"150\" height=\"150\" srcset=\"https:\/\/www.frauennotruf-kiel.de\/wp-content\/uploads\/2017\/06\/Drogen-cKassing-300x300.png 300w, https:\/\/www.frauennotruf-kiel.de\/wp-content\/uploads\/2017\/06\/Drogen-cKassing-150x150.png 150w, https:\/\/www.frauennotruf-kiel.de\/wp-content\/uploads\/2017\/06\/Drogen-cKassing.png 450w\" sizes=\"(max-width: 150px) 100vw, 150px\" \/>Manche Frauen nehmen dann auch Drogen.<br \/>\nOder sie trinken zu viel Alkohol.<br \/>\nViele Frauen rauchen dann auch sehr viel.<\/li>\n<\/ul>\n<p><strong>Gewalt hat viele schlimme Folgen f\u00fcr die Frauen.<\/strong><\/p>\n<p>Die Gewalt \u00e4ndert oft auch das Leben der Frauen.<br \/>\nSie trennen sich vielleicht von ihrem Partner.<br \/>\nSie m\u00fcssen vielleicht in eine andere Wohnung ziehen.<br \/>\n<img decoding=\"async\" src=\"https:\/\/www.frauennotruf-kiel.de\/wp-content\/uploads\/2017\/06\/Haus-2-cKassing-300x256.png\" alt=\"Ein Haus.\" class=\"alignright wp-image-1618\" width=\"150\" height=\"128\" srcset=\"https:\/\/www.frauennotruf-kiel.de\/wp-content\/uploads\/2017\/06\/Haus-2-cKassing-300x256.png 300w, https:\/\/www.frauennotruf-kiel.de\/wp-content\/uploads\/2017\/06\/Haus-2-cKassing.png 447w\" sizes=\"(max-width: 150px) 100vw, 150px\" \/>Manche Frauen verlieren auch ihren Arbeits-Platz.<br \/>\nViele Frauen brauchen nach der Gewalt dann Hilfe von Fach-Leuten.<\/p>\n<p><strong>Gewalt zuhause hat f\u00fcr die meisten Frauen auch k\u00f6rperliche Folgen.<\/strong><br \/>\nZum Beispiel Schmerzen und Verletzungen.<br \/>\nZum Beispiel:<\/p>\n<ul>\n<li>Gebrochene Knochen<\/li>\n<li>Durch Schl\u00e4ge auf den Kopf kann das Gehirn verletzt werden.<\/li>\n<li>Innere Verletzungen.<\/li>\n<li>Zum Beispiel im Bauch.<\/li>\n<li>Narben und Verletzungen im Gesicht.<\/li>\n<\/ul>\n<p>Manche Frauen sterben auch durch die Gewalt.<br \/>\nDie M\u00e4nner bringen ihre Frau oder Freundin um.<br \/>\nDas passiert besonders oft,<br \/>\nwenn die Frauen sich von den M\u00e4nnern trennen wollen.<br \/>\n<img decoding=\"async\" src=\"https:\/\/www.frauennotruf-kiel.de\/wp-content\/uploads\/2017\/06\/Polizei-cKassing-229x300.png\" alt=\"Eine Polizistin und ein Polizist.\" class=\"alignright wp-image-1629\" width=\"153\" height=\"200\" srcset=\"https:\/\/www.frauennotruf-kiel.de\/wp-content\/uploads\/2017\/06\/Polizei-cKassing-229x300.png 229w, https:\/\/www.frauennotruf-kiel.de\/wp-content\/uploads\/2017\/06\/Polizei-cKassing.png 342w\" sizes=\"(max-width: 153px) 100vw, 153px\" \/><br \/>\nManchmal nehmen die Polizei und die Gerichte<br \/>\ndie Gefahr f\u00fcr die Frauen nicht ernst.<\/p>\n<p>Dann sch\u00fctzen sie die Frauen nicht gut genug vor den M\u00e4nnern.<\/p>\n<\/div>","protected":false},"excerpt":{"rendered":"<!-- RS_MODULE_CODE_2.4.1 --><div id=\"readspeaker_button921\" class=\"rs_skip rsbtn rs_preserve\"><a class=\"rsbtn_play\" title=\"Um den Text anzuh&ouml;ren, verwenden Sie bitte ReadSpeaker\" accesskey=\"L\" href=\"\/\/app-eu.readspeaker.com\/cgi-bin\/rsent?customerid=9458&amp;lang=de_de&amp;readid=rspeak_read_921&amp;url=https%3A%2F%2Fwww.frauennotruf-kiel.de%2Fde_si%2Fwp-json%2Fwp%2Fv2%2Fpages%2F921\">\r\n        <span class=\"rsbtn_left rsimg rspart\"><span class=\"rsbtn_text\"><span>Vorlesen<\/span><\/span><\/span>\r\n        <span class=\"rsbtn_right rsimg rsplay rspart\"><\/span>\r\n        <\/a><\/div><div id=\"rspeak_read_921\"> Was sind die Folgen von Gewalt zuhause? Die Folgen von Gewalt sind oft schlimm f\u00fcr die Frauen. Sie haben oft Schmerzen und Verletzungen am ganzen K\u00f6rper. Sie bekommen oft auch seelische Probleme durch die Gewalt. Zum Beispiel: Die Frauen haben gro\u00dfe Angst. Oder sie sind sehr traurig und k\u00f6nnen nichts mehr machen. Dann k\u00f6nnen<\/div>","protected":false},"author":5,"featured_media":0,"parent":842,"menu_order":0,"comment_status":"closed","ping_status":"closed","template":"","meta":{"_acf_changed":false,"footnotes":""},"class_list":["post post-type-page post-view- post-scope-","status-publish","clear"],"acf":[],"_links":{"self":[{"href":"https:\/\/www.frauennotruf-kiel.de\/de_si\/wp-json\/wp\/v2\/pages\/921","targetHints":{"allow":["GET"]}}],"collection":[{"href":"https:\/\/www.frauennotruf-kiel.de\/de_si\/wp-json\/wp\/v2\/pages"}],"about":[{"href":"https:\/\/www.frauennotruf-kiel.de\/de_si\/wp-json\/wp\/v2\/types\/page"}],"author":[{"embeddable":true,"href":"https:\/\/www.frauennotruf-kiel.de\/de_si\/wp-json\/wp\/v2\/users\/5"}],"replies":[{"embeddable":true,"href":"https:\/\/www.frauennotruf-kiel.de\/de_si\/wp-json\/wp\/v2\/comments?post=921"}],"version-history":[{"count":10,"href":"https:\/\/www.frauennotruf-kiel.de\/de_si\/wp-json\/wp\/v2\/pages\/921\/revisions"}],"predecessor-version":[{"id":1927,"href":"https:\/\/www.frauennotruf-kiel.de\/de_si\/wp-json\/wp\/v2\/pages\/921\/revisions\/1927"}],"up":[{"embeddable":true,"href":"https:\/\/www.frauennotruf-kiel.de\/de_si\/wp-json\/wp\/v2\/pages\/842"}],"wp:attachment":[{"href":"https:\/\/www.frauennotruf-kiel.de\/de_si\/wp-json\/wp\/v2\/media?parent=921"}],"curies":[{"name":"wp","href":"https:\/\/api.w.org\/{rel}","templated":true}]}}