{"id":995,"date":"2017-06-23T13:29:41","date_gmt":"2017-06-23T11:29:41","guid":{"rendered":"https:\/\/www.frauennotruf-kiel.de\/?page_id=995\/"},"modified":"2017-07-13T12:32:43","modified_gmt":"2017-07-13T10:32:43","slug":"wenn-sie-angst-haben-nach-einer-vergewaltigung-schwanger-zu-sein","status":"publish","type":"page","link":"https:\/\/www.frauennotruf-kiel.de\/de_si\/dasistgewalt\/vergewaltigung\/wenn-sie-angst-haben-nach-einer-vergewaltigung-schwanger-zu-sein\/","title":{"rendered":"Vielleicht haben Sie nach nach einer Vergewaltigung Angst schwanger zu sein?"},"content":{"rendered":"<!-- RS_MODULE_CODE_2.4.1 --><div id=\"readspeaker_button995\" class=\"rs_skip rsbtn rs_preserve\"><a class=\"rsbtn_play\" title=\"Um den Text anzuh&ouml;ren, verwenden Sie bitte ReadSpeaker\" accesskey=\"L\" href=\"\/\/app-eu.readspeaker.com\/cgi-bin\/rsent?customerid=9458&amp;lang=de_de&amp;readid=rspeak_read_995&amp;url=https%3A%2F%2Fwww.frauennotruf-kiel.de%2Fde_si%2Fwp-json%2Fwp%2Fv2%2Fpages%2F995\">\r\n        <span class=\"rsbtn_left rsimg rspart\"><span class=\"rsbtn_text\"><span>Vorlesen<\/span><\/span><\/span>\r\n        <span class=\"rsbtn_right rsimg rsplay rspart\"><\/span>\r\n        <\/a><\/div><div id=\"rspeak_read_995\"><h1>Vielleicht haben Sie nach nach einer Vergewaltigung Angst schwanger zu sein?<\/h1>\n<hr \/>\n<p><strong>Dann gibt es die Pille danach.<\/strong><br \/>\nDie Pille danach verhindert, dass Sie schwanger werden.<br \/>\nAber Sie m\u00fcssen die Pille danach so schnell wie m\u00f6glich nehmen.<br \/>\nSp\u00e4testens 2 bis 3 Tage nach der Vergewaltigung.<img decoding=\"async\" src=\"https:\/\/www.frauennotruf-kiel.de\/wp-content\/uploads\/2017\/06\/Verhuetungsmittel-cKassing-300x187.png\" alt=\"Verschiedene Verh\u00fctungsmittel.\" class=\"alignright wp-image-1572 size-medium\" width=\"300\" height=\"187\" srcset=\"https:\/\/www.frauennotruf-kiel.de\/wp-content\/uploads\/2017\/06\/Verhuetungsmittel-cKassing-300x187.png 300w, https:\/\/www.frauennotruf-kiel.de\/wp-content\/uploads\/2017\/06\/Verhuetungsmittel-cKassing.png 447w\" sizes=\"(max-width: 300px) 100vw, 300px\" \/><\/p>\n<p><strong>Es gibt auch die Spirale danach.<\/strong><br \/>\nAuch sie hilft, damit Sie nicht schwanger werden.<br \/>\nDie Spirale danach kann bis 5 Tage nach der Vergewaltigung<br \/>\neingesetzt werden.<\/p>\n<p><strong>Fr\u00fchestens 2 Wochen nach der Vergewaltigung<\/strong><br \/>\n<strong> k\u00f6nnen Sie einen Schwangerschafts-Test machen.<\/strong><br \/>\nWenn Sie schwanger sind, k\u00f6nnen Sie das Kind abtreiben lassen.<br \/>\nSie m\u00fcssen das Kind nicht bekommen,<br \/>\nwenn es von der Vergewaltigung kommt.<br \/>\nDas geht bis zum 3. Monat der Schwangerschaft.<br \/>\nDie Kranken-Kasse bezahlt die Abtreibung.<\/p>\n<div class=\"box\">\n<p>Bei der medizinischen Untersuchung sollten Sie auch pr\u00fcfen lassen:<br \/>\nHaben Sie sich bei der Vergewaltigung mit einer Krankheit angesteckt?<\/p>\n<\/div>\n<\/div>","protected":false},"excerpt":{"rendered":"<!-- RS_MODULE_CODE_2.4.1 --><div id=\"readspeaker_button995\" class=\"rs_skip rsbtn rs_preserve\"><a class=\"rsbtn_play\" title=\"Um den Text anzuh&ouml;ren, verwenden Sie bitte ReadSpeaker\" accesskey=\"L\" href=\"\/\/app-eu.readspeaker.com\/cgi-bin\/rsent?customerid=9458&amp;lang=de_de&amp;readid=rspeak_read_995&amp;url=https%3A%2F%2Fwww.frauennotruf-kiel.de%2Fde_si%2Fwp-json%2Fwp%2Fv2%2Fpages%2F995\">\r\n        <span class=\"rsbtn_left rsimg rspart\"><span class=\"rsbtn_text\"><span>Vorlesen<\/span><\/span><\/span>\r\n        <span class=\"rsbtn_right rsimg rsplay rspart\"><\/span>\r\n        <\/a><\/div><div id=\"rspeak_read_995\"> Vielleicht haben Sie nach nach einer Vergewaltigung Angst schwanger zu sein? Dann gibt es die Pille danach. Die Pille danach verhindert, dass Sie schwanger werden. Aber Sie m\u00fcssen die Pille danach so schnell wie m\u00f6glich nehmen. Sp\u00e4testens 2 bis 3 Tage nach der Vergewaltigung. Es gibt auch die Spirale danach. Auch sie hilft, damit<\/div>","protected":false},"author":6,"featured_media":0,"parent":352,"menu_order":0,"comment_status":"closed","ping_status":"closed","template":"","meta":{"_acf_changed":false,"footnotes":""},"class_list":["post post-type-page post-view- post-scope-","status-publish","clear"],"acf":[],"_links":{"self":[{"href":"https:\/\/www.frauennotruf-kiel.de\/de_si\/wp-json\/wp\/v2\/pages\/995","targetHints":{"allow":["GET"]}}],"collection":[{"href":"https:\/\/www.frauennotruf-kiel.de\/de_si\/wp-json\/wp\/v2\/pages"}],"about":[{"href":"https:\/\/www.frauennotruf-kiel.de\/de_si\/wp-json\/wp\/v2\/types\/page"}],"author":[{"embeddable":true,"href":"https:\/\/www.frauennotruf-kiel.de\/de_si\/wp-json\/wp\/v2\/users\/6"}],"replies":[{"embeddable":true,"href":"https:\/\/www.frauennotruf-kiel.de\/de_si\/wp-json\/wp\/v2\/comments?post=995"}],"version-history":[{"count":9,"href":"https:\/\/www.frauennotruf-kiel.de\/de_si\/wp-json\/wp\/v2\/pages\/995\/revisions"}],"predecessor-version":[{"id":1919,"href":"https:\/\/www.frauennotruf-kiel.de\/de_si\/wp-json\/wp\/v2\/pages\/995\/revisions\/1919"}],"up":[{"embeddable":true,"href":"https:\/\/www.frauennotruf-kiel.de\/de_si\/wp-json\/wp\/v2\/pages\/352"}],"wp:attachment":[{"href":"https:\/\/www.frauennotruf-kiel.de\/de_si\/wp-json\/wp\/v2\/media?parent=995"}],"curies":[{"name":"wp","href":"https:\/\/api.w.org\/{rel}","templated":true}]}}