{"id":2008,"date":"2017-08-23T16:39:37","date_gmt":"2017-08-23T14:39:37","guid":{"rendered":"https:\/\/www.frauennotruf-kiel.de\/?page_id=2008\/"},"modified":"2019-03-27T16:28:38","modified_gmt":"2019-03-27T15:28:38","slug":"contact","status":"publish","type":"page","link":"https:\/\/www.frauennotruf-kiel.de\/en\/contact\/","title":{"rendered":"Contact"},"content":{"rendered":"<!-- RS_MODULE_CODE_2.4.1 --><div id=\"readspeaker_button2008\" class=\"rs_skip rsbtn rs_preserve\"><a class=\"rsbtn_play\" title=\"Um den Text anzuh&ouml;ren, verwenden Sie bitte ReadSpeaker\" accesskey=\"L\" href=\"\/\/app-eu.readspeaker.com\/cgi-bin\/rsent?customerid=9458&amp;lang=de_de&amp;readid=rspeak_read_2008&amp;url=https%3A%2F%2Fwww.frauennotruf-kiel.de%2Fen%2Fwp-json%2Fwp%2Fv2%2Fpages%2F2008\">\r\n        <span class=\"rsbtn_left rsimg rspart\"><span class=\"rsbtn_text\"><span>Vorlesen<\/span><\/span><\/span>\r\n        <span class=\"rsbtn_right rsimg rsplay rspart\"><\/span>\r\n        <\/a><\/div><div id=\"rspeak_read_2008\"><div class=\"box\">\n<p><strong>Frauenberatungs- und Fachstelle bei sexueller Gewalt Kiel<br \/>\n(Women\u2019s aid and counselling centre for sexual abuse in Kiel)<br \/>\n<\/strong><\/p>\n<p>In Tr\u00e4gerschaft des Frauennotruf Kiel e. V.<\/p>\n<p>D\u00e4nische Stra\u00dfe 3-5<br \/>\nD-24103 Kiel<br \/>\nTel. (0431) 9 11 44<br \/>\nFax (0431) 9 19 25<\/p>\n<p>e-mail: <a href=\"mailto:info@frauennotruf-kiel.de\">info@frauennotruf-kiel.de<\/a><br \/>\n<strong><\/strong><strong>Office hours:<\/strong>\u00a0Monday 14:00 \u2013 17.00, Tuesday, Wednesday, Thursday, Friday 10:00 \u2013 13:00<\/p>\n<\/div>\n<div class=\"box\">\n<p><strong>Beratungs- und Fachstelle<\/strong><br \/>\n<strong>bei Gewalt an M\u00e4dchen und Frauen im Kreis Pl\u00f6n<br \/>\n(Abuse counselling and crisis centre for girls and women in Pl\u00f6n)<\/strong><br \/>\n(operated by Frauennotruf Kiel e. V.)<\/p>\n<p>M\u00fchlenstra\u00dfe 10<br \/>\nD-24211 Preetz<br \/>\nTel. (04342) 30 99 39<\/p>\n<p>e-Mail: <a href=\"mailto:frauenberatungkreisploen@t-online.de\">frauenberatungkreisploen@t-online.de<\/a><br \/>\n<strong>Office hours:<\/strong>\u00a0Tuesday 9:30 \u2013 15:30,\u00a0Thursday 9:00 \u2013 13:30<br \/>\nYour call will automatically be transferred to one of our workers in Kiel; the call will be charged at the local rate:<br \/>\nMonday 14:00 \u2013 17:00, Tuesday to Friday 10:00 \u2013 13:00 (these times are for booking an appointment)<\/p>\n<\/div>\n<\/div>","protected":false},"excerpt":{"rendered":"<!-- RS_MODULE_CODE_2.4.1 --><div id=\"readspeaker_button2008\" class=\"rs_skip rsbtn rs_preserve\"><a class=\"rsbtn_play\" title=\"Um den Text anzuh&ouml;ren, verwenden Sie bitte ReadSpeaker\" accesskey=\"L\" href=\"\/\/app-eu.readspeaker.com\/cgi-bin\/rsent?customerid=9458&amp;lang=de_de&amp;readid=rspeak_read_2008&amp;url=https%3A%2F%2Fwww.frauennotruf-kiel.de%2Fen%2Fwp-json%2Fwp%2Fv2%2Fpages%2F2008\">\r\n        <span class=\"rsbtn_left rsimg rspart\"><span class=\"rsbtn_text\"><span>Vorlesen<\/span><\/span><\/span>\r\n        <span class=\"rsbtn_right rsimg rsplay rspart\"><\/span>\r\n        <\/a><\/div><div id=\"rspeak_read_2008\"> Frauenberatungs- und Fachstelle bei sexueller Gewalt Kiel (Women\u2019s aid and counselling centre for sexual abuse in Kiel) In Tr\u00e4gerschaft des Frauennotruf Kiel e. V. D\u00e4nische Stra\u00dfe 3-5 D-24103 Kiel Tel. (0431) 9 11 44 Fax (0431) 9 19 25 e-mail: info@frauennotruf-kiel.de Office hours:\u00a0Monday 14:00 \u2013 17.00, Tuesday, Wednesday, Thursday, Friday 10:00 \u2013 13:00 Beratungs-<\/div>","protected":false},"author":6,"featured_media":0,"parent":0,"menu_order":15,"comment_status":"closed","ping_status":"closed","template":"","meta":{"_acf_changed":false,"footnotes":""},"class_list":["post post-type-page post-view- post-scope-","status-publish","clear"],"acf":[],"_links":{"self":[{"href":"https:\/\/www.frauennotruf-kiel.de\/en\/wp-json\/wp\/v2\/pages\/2008","targetHints":{"allow":["GET"]}}],"collection":[{"href":"https:\/\/www.frauennotruf-kiel.de\/en\/wp-json\/wp\/v2\/pages"}],"about":[{"href":"https:\/\/www.frauennotruf-kiel.de\/en\/wp-json\/wp\/v2\/types\/page"}],"author":[{"embeddable":true,"href":"https:\/\/www.frauennotruf-kiel.de\/en\/wp-json\/wp\/v2\/users\/6"}],"replies":[{"embeddable":true,"href":"https:\/\/www.frauennotruf-kiel.de\/en\/wp-json\/wp\/v2\/comments?post=2008"}],"version-history":[{"count":4,"href":"https:\/\/www.frauennotruf-kiel.de\/en\/wp-json\/wp\/v2\/pages\/2008\/revisions"}],"predecessor-version":[{"id":2304,"href":"https:\/\/www.frauennotruf-kiel.de\/en\/wp-json\/wp\/v2\/pages\/2008\/revisions\/2304"}],"wp:attachment":[{"href":"https:\/\/www.frauennotruf-kiel.de\/en\/wp-json\/wp\/v2\/media?parent=2008"}],"curies":[{"name":"wp","href":"https:\/\/api.w.org\/{rel}","templated":true}]}}